{"id":1887,"date":"2021-02-18T22:12:20","date_gmt":"2021-02-18T21:12:20","guid":{"rendered":"https:\/\/www.zitos.sk\/?page_id=1887"},"modified":"2021-03-25T09:40:40","modified_gmt":"2021-03-25T08:40:40","slug":"vemy-jobs","status":"publish","type":"page","link":"https:\/\/www.zitos.sk\/?page_id=1887","title":{"rendered":"VEMYJobs"},"content":{"rendered":"<p><a href=\"https:\/\/www.zitos.sk\/wp-content\/uploads\/2021\/02\/LOGO2.jpg\"><img loading=\"lazy\" decoding=\"async\" class=\"aligncenter wp-image-1904\" src=\"https:\/\/www.zitos.sk\/wp-content\/uploads\/2021\/02\/LOGO2-300x108.jpg\" alt=\"\" width=\"353\" height=\"126\" srcset=\"https:\/\/www.zitos.sk\/wp-content\/uploads\/2021\/02\/LOGO2-300x108.jpg 300w, https:\/\/www.zitos.sk\/wp-content\/uploads\/2021\/02\/LOGO2.jpg 449w\" sizes=\"(max-width: 353px) 100vw, 353px\" \/><\/a><\/p>\n<p style=\"text-align: center;\"><span style=\"font-size: 24px;\"><strong>Vitajte na na\u0161ej ofici\u00e1lnej str\u00e1nke\u00a0<\/strong><\/span><\/p>\n<p>Agencija za pomo\u0107 otvaranje firme u Slova\u010dkoj i dobijanja radne vize na osnovu iste, pomo\u0107 u servisiranju svih obaveza vezanih oko firme, pomo\u0107 oko jezika ( Slova\u010dko-Srpski )<\/p>\n<p>Ak m\u00e1te z\u00e1ujem podnika\u0165\u00a0 na Slovensku, alebo v E\u00da, tak budete potrebova\u0165 ve\u013ea dokladov. Ich vybavenie a zabezpe\u010denie je pomerne komplikovan\u00e9 a zd\u013ahav\u00e9 nie len pre Slov\u00e1ka, ale e\u0161te zlo\u017eitej\u0161ie pre cudzinca.\u00a0 VEMY Job&#8217;s m\u00e1 5 ro\u010dn\u00e9 sk\u00fasenosti a spokojn\u00fdch 150 klientov zo Srbska, ktor\u00fd na\u0161li uplatnenie napr. v PSA PEUEGOT, Trnava&#8230;..<\/p>\n<p>Zabezpe\u010d\u00edme pre v\u00e1s na z\u00e1klade z\u00e1kona\u00a0<span style=\"font-size: 12pt;\"><a href=\"https:\/\/www.zakonypreludi.sk\/zz\/2011-404\">404\/2011 Z. z.<\/a><span class=\"h1a\"><a href=\"https:\/\/www.zakonypreludi.sk\/zz\/2011-404\">Z\u00e1kon o pobyte cudzincov<\/a>\u00a0 doklady, ktor\u00e9 v\u00e1m umo\u017enia leg\u00e1lny pobyt na Slovensku.<\/span><\/span><\/p>\n<p>Zabezpe\u010d\u00edme pre v\u00e1s na z\u00e1klade z\u00e1kona <span style=\"font-size: 12pt;\"><a href=\"https:\/\/www.zakonypreludi.sk\/zz\/1991-455\">455\/1991\u00a0 Z\u00e1kon o \u017eivnostenskom podnikan\u00ed<\/a>\u00a0 \u017divnostensk\u00fd list, ktor\u00fd v\u00e1m umo\u017en\u00ed ofici\u00e1lne podnika\u0165 na Slovensku.<\/span><\/p>\n<p>Zabezpe\u010d\u00edme pre v\u00e1s na z\u00e1klade z\u00e1kona <span style=\"font-size: 12pt;\"><a href=\"https:\/\/www.zakonypreludi.sk\/zz\/2002-431\">431\/2002 Z. z.<\/a><span class=\"h1a\"><a href=\"https:\/\/www.zakonypreludi.sk\/zz\/2002-431\">Z\u00e1kon o \u00fa\u010dtovn\u00edctve<\/a>\u00a0 ofici\u00e1ln\u00e9 \u00fa\u010dtovn\u00edctvo a da\u0148ov\u00e9 priznanie k v\u00fdkonu v\u00e1\u0161ho podnikania na Slovensku.<\/span><\/span><\/p>\n<p>Zabezpe\u010d\u00edme pre v\u00e1s na z\u00e1klade z\u00e1kona\u00a0<span style=\"font-size: 12pt;\"><a href=\"https:\/\/www.zakonypreludi.sk\/zz\/2004-580\">580\/2004 Z. z.<\/a><span class=\"h1a\"><a href=\"https:\/\/www.zakonypreludi.sk\/zz\/2004-580\">Z\u00e1kon o zdravotnom poisten\u00ed<\/a>\u00a0 povinn\u00e9 zdravotn\u00e9 poistenie pre istotu v\u00e1\u0161ho zdravia po\u010das cel\u00e9ho pobytu na Slovensku.<\/span><\/span><\/p>\n<p>Zabezpe\u010d\u00edme pre v\u00e1s na z\u00e1klade z\u00e1kona\u00a0<span style=\"font-size: 12pt;\"><a href=\"https:\/\/www.zakonypreludi.sk\/zz\/2003-461\">461\/2003 Z. z.<\/a><span class=\"h1a\"><a href=\"https:\/\/www.zakonypreludi.sk\/zz\/2003-461\">Z\u00e1kon o soci\u00e1lnom poisten\u00ed<\/a>\u00a0 \u00a0soci\u00e1lne poistenie\u00a0 po\u010das cel\u00e9ho v\u00e1\u0161ho pobytu na Slovensku<\/span><\/span><\/p>\n<p>Pokia\u013e by ste chceli pracova\u0165 ako Slovensk\u00fd podnikate\u013e v zahrani\u010d\u00ed, tak v\u00e1m vieme zabezpe\u010di\u0165 potvrdenie\u00a0 <a href=\"https:\/\/www.zitos.sk\/wp-content\/uploads\/2021\/02\/14112018-Ziadost_o_vystavenie_prenosneho_dokumentu_A1_z_dovodu_vyslania_samostatne_zarobkovo_cinnej_osoby_INT.pdf\"><span style=\"font-size: 14pt;\">A1<\/span><\/a><\/p>\n<p>&nbsp;<\/p>\n<p style=\"text-align: center;\"><a href=\"https:\/\/www.zitos.sk\/wp-content\/uploads\/2021\/02\/Hospodarska-\u2013-Mapy-Google.png\"><img loading=\"lazy\" decoding=\"async\" class=\"aligncenter wp-image-1888 \" src=\"https:\/\/www.zitos.sk\/wp-content\/uploads\/2021\/02\/Hospodarska-\u2013-Mapy-Google-300x170.png\" alt=\"\" width=\"555\" height=\"315\" srcset=\"https:\/\/www.zitos.sk\/wp-content\/uploads\/2021\/02\/Hospodarska-\u2013-Mapy-Google-300x170.png 300w, https:\/\/www.zitos.sk\/wp-content\/uploads\/2021\/02\/Hospodarska-\u2013-Mapy-Google-1024x582.png 1024w, https:\/\/www.zitos.sk\/wp-content\/uploads\/2021\/02\/Hospodarska-\u2013-Mapy-Google-768x436.png 768w, https:\/\/www.zitos.sk\/wp-content\/uploads\/2021\/02\/Hospodarska-\u2013-Mapy-Google.png 1347w\" sizes=\"(max-width: 555px) 100vw, 555px\" \/><\/a><\/p>\n<p style=\"text-align: center;\">Na\u0161a spolo\u010dnos\u0165 s\u00eddli na Hospod\u00e1rskej ulici\u00a0 54 v Trnave<\/p>\n<p style=\"text-align: center;\">m\u00f4\u017eete n\u00e1s kontaktova\u0165 na:<\/p>\n<p style=\"text-align: center;\">+421907 836 311<\/p>\n<div dir=\"auto\" style=\"text-align: center;\">Vesna: + 421 957 948 930, Viber<\/div>\n<div dir=\"auto\" style=\"text-align: center;\">Mihajlo: + 421 836 907 311<\/div>\n<div dir=\"auto\" style=\"text-align: center;\">Mihajlo: + 381 9239 64 054 Viber<\/div>\n<p style=\"text-align: center;\">v Slovenskom aj v Srbskom jazyku<\/p>\n<p style=\"text-align: center;\"><a href=\"mailto:vemytt@vemyjoobs.com\">vemytt@vemyjoobs.com<\/a><\/p>\n","protected":false},"excerpt":{"rendered":"<p>Vitajte na na\u0161ej ofici\u00e1lnej str\u00e1nke\u00a0 Agencija za pomo\u0107 otvaranje firme u Slova\u010dkoj i dobijanja radne vize na osnovu iste, pomo\u0107 u servisiranju svih obaveza vezanih oko firme, pomo\u0107 oko jezika ( Slova\u010dko-Srpski ) Ak m\u00e1te z\u00e1ujem podnika\u0165\u00a0 na Slovensku, alebo &hellip; <a href=\"https:\/\/www.zitos.sk\/?page_id=1887\">Pokra\u010dova\u0165 v \u010d\u00edtan\u00ed <span class=\"meta-nav\">&rarr;<\/span><\/a><\/p>\n","protected":false},"author":1,"featured_media":0,"parent":0,"menu_order":0,"comment_status":"closed","ping_status":"closed","template":"onecolumn-page.php","meta":{"footnotes":""},"_links":{"self":[{"href":"https:\/\/www.zitos.sk\/index.php?rest_route=\/wp\/v2\/pages\/1887"}],"collection":[{"href":"https:\/\/www.zitos.sk\/index.php?rest_route=\/wp\/v2\/pages"}],"about":[{"href":"https:\/\/www.zitos.sk\/index.php?rest_route=\/wp\/v2\/types\/page"}],"author":[{"embeddable":true,"href":"https:\/\/www.zitos.sk\/index.php?rest_route=\/wp\/v2\/users\/1"}],"replies":[{"embeddable":true,"href":"https:\/\/www.zitos.sk\/index.php?rest_route=%2Fwp%2Fv2%2Fcomments&post=1887"}],"version-history":[{"count":20,"href":"https:\/\/www.zitos.sk\/index.php?rest_route=\/wp\/v2\/pages\/1887\/revisions"}],"predecessor-version":[{"id":1911,"href":"https:\/\/www.zitos.sk\/index.php?rest_route=\/wp\/v2\/pages\/1887\/revisions\/1911"}],"wp:attachment":[{"href":"https:\/\/www.zitos.sk\/index.php?rest_route=%2Fwp%2Fv2%2Fmedia&parent=1887"}],"curies":[{"name":"wp","href":"https:\/\/api.w.org\/{rel}","templated":true}]}}