{"id":1954,"date":"2022-06-17T08:56:06","date_gmt":"2022-06-17T07:56:06","guid":{"rendered":"https:\/\/www.zitos.sk\/?page_id=1954"},"modified":"2024-02-21T15:16:15","modified_gmt":"2024-02-21T14:16:15","slug":"najom","status":"publish","type":"page","link":"https:\/\/www.zitos.sk\/?page_id=1954","title":{"rendered":"N\u00e1jom"},"content":{"rendered":"<p style=\"text-align: center;\"><strong>ZITOS, s.r.o u\u017e poskytla priestory pre slu\u017eby na ulici 9. m\u00e1ja 54 v Trnave.<\/strong><\/p>\n<p style=\"text-align: center;\">Na pr\u00edzem\u00ed a na<span style=\"background-color: #ffffff;\">poschod\u00ed sa nach\u00e1dza:<\/span><\/p>\n<p style=\"text-align: center;\"><strong>Fyzioterapeut &#8211; Martina Z\u00e1humensk\u00e1<a href=\"https:\/\/www.zitos.sk\/wp-content\/uploads\/2024\/02\/397307056_834537978672270_3415762898593395669_n-1.jpg\"><img loading=\"lazy\" decoding=\"async\" class=\"aligncenter wp-image-1983\" src=\"https:\/\/www.zitos.sk\/wp-content\/uploads\/2024\/02\/397307056_834537978672270_3415762898593395669_n-1.jpg\" alt=\"\" width=\"236\" height=\"209\" \/><\/a><\/strong><\/p>\n<ul>\n<li style=\"text-align: left;\">0911 399 452<\/li>\n<li style=\"text-align: left;\">fyzahott@gmail.com<\/li>\n<li style=\"text-align: left;\"><a href=\"https:\/\/www.facebook.com\/FYZAHO.trnava\">https:\/\/www.facebook.com\/FYZAHO.trnava<\/a><\/li>\n<\/ul>\n","protected":false},"excerpt":{"rendered":"<p>ZITOS, s.r.o u\u017e poskytla priestory pre slu\u017eby na ulici 9. m\u00e1ja 54 v Trnave. Na pr\u00edzem\u00ed a naposchod\u00ed sa nach\u00e1dza: Fyzioterapeut &#8211; Martina Z\u00e1humensk\u00e1 0911 399 452 fyzahott@gmail.com https:\/\/www.facebook.com\/FYZAHO.trnava<\/p>\n","protected":false},"author":1,"featured_media":0,"parent":0,"menu_order":9,"comment_status":"closed","ping_status":"closed","template":"","meta":{"footnotes":""},"_links":{"self":[{"href":"https:\/\/www.zitos.sk\/index.php?rest_route=\/wp\/v2\/pages\/1954"}],"collection":[{"href":"https:\/\/www.zitos.sk\/index.php?rest_route=\/wp\/v2\/pages"}],"about":[{"href":"https:\/\/www.zitos.sk\/index.php?rest_route=\/wp\/v2\/types\/page"}],"author":[{"embeddable":true,"href":"https:\/\/www.zitos.sk\/index.php?rest_route=\/wp\/v2\/users\/1"}],"replies":[{"embeddable":true,"href":"https:\/\/www.zitos.sk\/index.php?rest_route=%2Fwp%2Fv2%2Fcomments&post=1954"}],"version-history":[{"count":7,"href":"https:\/\/www.zitos.sk\/index.php?rest_route=\/wp\/v2\/pages\/1954\/revisions"}],"predecessor-version":[{"id":1984,"href":"https:\/\/www.zitos.sk\/index.php?rest_route=\/wp\/v2\/pages\/1954\/revisions\/1984"}],"wp:attachment":[{"href":"https:\/\/www.zitos.sk\/index.php?rest_route=%2Fwp%2Fv2%2Fmedia&parent=1954"}],"curies":[{"name":"wp","href":"https:\/\/api.w.org\/{rel}","templated":true}]}}