{"id":1973,"date":"2023-03-01T09:48:19","date_gmt":"2023-03-01T08:48:19","guid":{"rendered":"https:\/\/www.zitos.sk\/?page_id=1973"},"modified":"2025-12-29T17:32:42","modified_gmt":"2025-12-29T16:32:42","slug":"poradenstvo","status":"publish","type":"page","link":"https:\/\/www.zitos.sk\/?page_id=1973","title":{"rendered":"Poradenstvo"},"content":{"rendered":"<p style=\"text-align: center;\"><strong>Spolo\u010dnos\u0165\u00a0 ZITOS m\u00e1 dlhodob\u00e9 sk\u00fasenosti s vyu\u017eit\u00edm Tepeln\u00fdch \u010derpadiel a Fotovoltaick\u00fdch zariaden\u00ed.<\/strong><\/p>\n<p>&nbsp;<\/p>\n<p>Ak uva\u017eujete, ako u\u0161etri\u0165 peniaze na vykurovan\u00ed, chladen\u00ed a ostatn\u00fdch spotrebi\u010doch. Ak\u00a0 chcete zn\u00ed\u017ei\u0165 svoju z\u00e1vislos\u0165\u00a0 na dod\u00e1vate\u013eovi energie, m\u00f4\u017ete sa obr\u00e1ti\u0165 s d\u00f4verou na n\u00e1s.<\/p>\n<p>Nepred\u00e1vame, ani nein\u0161talujeme \u017eiadne\u00a0 komplexn\u00e9 zariadenia.<\/p>\n<p>Poskytujeme iba poradesntvo a in\u0161trukt\u00e1\u017e priamo, na na\u0161ich vlastn\u00fdch be\u017eiacich zariadeniach , bez nutnosti nie\u010do objedna\u0165.<\/p>\n<p>Slu\u017eba obsahuje obozn\u00e1menie sa s problematikou ekologick\u00e9ho vykurovania, ohrevu telej vody, chladenia a n\u00e1sledn\u00e9ho \u0161etrenia elektrickej energie. N\u00e1sledn\u00e1 prehliadka Tepeln\u00fdch \u010derpadiel, FV elektr\u00e1rne, z\u00e1lo\u017en\u00fdch bateri\u00ed. Obozn\u00e1menie sa s dialkovou kontrolou v\u0161etk\u00fdch zariaden\u00ed pomocou Home assistant, ot\u00e1zky, ob\u010derstvenie a to v\u0161etko za 100,-EUR\/osobu. Objedn\u00e1vky na: zitos@zitos.sk<\/p>\n<p>&nbsp;<\/p>\n<p><a href=\"https:\/\/www.zitos.sk\/wp-content\/uploads\/2025\/12\/stiahnut-5.jpeg\"><img loading=\"lazy\" decoding=\"async\" class=\"wp-image-1996 alignnone\" src=\"https:\/\/www.zitos.sk\/wp-content\/uploads\/2025\/12\/stiahnut-5.jpeg\" alt=\"\" width=\"131\" height=\"131\" \/><\/a><a href=\"https:\/\/www.zitos.sk\/wp-content\/uploads\/2025\/12\/product_54_69_35_86826-hybridny-menic-goodwe-gw10k-et-plus-10000va-20241220162028.webp\"><img loading=\"lazy\" decoding=\"async\" class=\" wp-image-1992 alignleft\" src=\"https:\/\/www.zitos.sk\/wp-content\/uploads\/2025\/12\/product_54_69_35_86826-hybridny-menic-goodwe-gw10k-et-plus-10000va-20241220162028-300x300.webp\" alt=\"\" width=\"123\" height=\"123\" srcset=\"https:\/\/www.zitos.sk\/wp-content\/uploads\/2025\/12\/product_54_69_35_86826-hybridny-menic-goodwe-gw10k-et-plus-10000va-20241220162028-300x300.webp 300w, https:\/\/www.zitos.sk\/wp-content\/uploads\/2025\/12\/product_54_69_35_86826-hybridny-menic-goodwe-gw10k-et-plus-10000va-20241220162028-150x150.webp 150w, https:\/\/www.zitos.sk\/wp-content\/uploads\/2025\/12\/product_54_69_35_86826-hybridny-menic-goodwe-gw10k-et-plus-10000va-20241220162028-768x768.webp 768w, https:\/\/www.zitos.sk\/wp-content\/uploads\/2025\/12\/product_54_69_35_86826-hybridny-menic-goodwe-gw10k-et-plus-10000va-20241220162028.webp 800w\" sizes=\"(max-width: 123px) 100vw, 123px\" \/><\/a><a href=\"https:\/\/www.zitos.sk\/wp-content\/uploads\/2025\/12\/shopping.webp\"><img loading=\"lazy\" decoding=\"async\" class=\"wp-image-1991 alignleft\" src=\"https:\/\/www.zitos.sk\/wp-content\/uploads\/2025\/12\/shopping-130x300.webp\" alt=\"\" width=\"52\" height=\"120\" srcset=\"https:\/\/www.zitos.sk\/wp-content\/uploads\/2025\/12\/shopping-130x300.webp 130w, https:\/\/www.zitos.sk\/wp-content\/uploads\/2025\/12\/shopping.webp 378w\" sizes=\"(max-width: 52px) 100vw, 52px\" \/><\/a><a href=\"https:\/\/www.zitos.sk\/wp-content\/uploads\/2025\/12\/stiahnut-4.jpeg\"><img loading=\"lazy\" decoding=\"async\" class=\"wp-image-1994 alignleft\" src=\"https:\/\/www.zitos.sk\/wp-content\/uploads\/2025\/12\/stiahnut-4.jpeg\" alt=\"\" width=\"134\" height=\"126\" \/><\/a><a href=\"https:\/\/www.zitos.sk\/wp-content\/uploads\/2025\/12\/vyr_3983_TP11.jpg\"><img loading=\"lazy\" decoding=\"async\" class=\"wp-image-1993 alignleft\" src=\"https:\/\/www.zitos.sk\/wp-content\/uploads\/2025\/12\/vyr_3983_TP11-225x300.jpg\" alt=\"\" width=\"99\" height=\"132\" srcset=\"https:\/\/www.zitos.sk\/wp-content\/uploads\/2025\/12\/vyr_3983_TP11-225x300.jpg 225w, https:\/\/www.zitos.sk\/wp-content\/uploads\/2025\/12\/vyr_3983_TP11.jpg 600w\" sizes=\"(max-width: 99px) 100vw, 99px\" \/><\/a><\/p>\n<p>&nbsp;<\/p>\n","protected":false},"excerpt":{"rendered":"<p>Spolo\u010dnos\u0165\u00a0 ZITOS m\u00e1 dlhodob\u00e9 sk\u00fasenosti s vyu\u017eit\u00edm Tepeln\u00fdch \u010derpadiel a Fotovoltaick\u00fdch zariaden\u00ed. &nbsp; Ak uva\u017eujete, ako u\u0161etri\u0165 peniaze na vykurovan\u00ed, chladen\u00ed a ostatn\u00fdch spotrebi\u010doch. Ak\u00a0 chcete zn\u00ed\u017ei\u0165 svoju z\u00e1vislos\u0165\u00a0 na dod\u00e1vate\u013eovi energie, m\u00f4\u017ete sa obr\u00e1ti\u0165 s d\u00f4verou na n\u00e1s. Nepred\u00e1vame, &hellip; <a href=\"https:\/\/www.zitos.sk\/?page_id=1973\">Pokra\u010dova\u0165 v \u010d\u00edtan\u00ed <span class=\"meta-nav\">&rarr;<\/span><\/a><\/p>\n","protected":false},"author":1,"featured_media":0,"parent":0,"menu_order":0,"comment_status":"closed","ping_status":"closed","template":"","meta":{"footnotes":""},"_links":{"self":[{"href":"https:\/\/www.zitos.sk\/index.php?rest_route=\/wp\/v2\/pages\/1973"}],"collection":[{"href":"https:\/\/www.zitos.sk\/index.php?rest_route=\/wp\/v2\/pages"}],"about":[{"href":"https:\/\/www.zitos.sk\/index.php?rest_route=\/wp\/v2\/types\/page"}],"author":[{"embeddable":true,"href":"https:\/\/www.zitos.sk\/index.php?rest_route=\/wp\/v2\/users\/1"}],"replies":[{"embeddable":true,"href":"https:\/\/www.zitos.sk\/index.php?rest_route=%2Fwp%2Fv2%2Fcomments&post=1973"}],"version-history":[{"count":9,"href":"https:\/\/www.zitos.sk\/index.php?rest_route=\/wp\/v2\/pages\/1973\/revisions"}],"predecessor-version":[{"id":1997,"href":"https:\/\/www.zitos.sk\/index.php?rest_route=\/wp\/v2\/pages\/1973\/revisions\/1997"}],"wp:attachment":[{"href":"https:\/\/www.zitos.sk\/index.php?rest_route=%2Fwp%2Fv2%2Fmedia&parent=1973"}],"curies":[{"name":"wp","href":"https:\/\/api.w.org\/{rel}","templated":true}]}}