{"id":40,"date":"2011-12-09T20:21:38","date_gmt":"2011-12-09T20:21:38","guid":{"rendered":"http:\/\/www.zitos.sk\/?page_id=40"},"modified":"2019-07-27T22:50:53","modified_gmt":"2019-07-27T21:50:53","slug":"40-2","status":"publish","type":"page","link":"https:\/\/www.zitos.sk\/","title":{"rendered":"\u00davodom"},"content":{"rendered":"<h5><\/h5>\n<h5><\/h5>\n<h5><embed src=\"http:\/\/www.zitos.sk\/wp-content\/uploads\/2011\/12\/\" width=\"0\" height=\"2\"><\/embed><div class=\"blue_message\"> \u00a0 \u00a0 \u00a0 \u00a0<strong>\u00a0Vitajte na str\u00e1nke tejto malej spolo\u010dnosti, ktor\u00e1 vznikla v roku 1996 za \u00fa\u010delom obchodnej, sprostredkovate\u013eskej a poradenskej \u010dinnosti. V\u00fdpis z Obchodn\u00e9ho registra n\u00e1jdete <a href=\"http:\/\/www.orsr.sk\/vypis.asp?ID=2909&amp;SID=7&amp;P=0\" target=\"_blank\" rel=\"noopener noreferrer\">tu:<\/a>\u00a0 Pokia\u013e by V\u00e1s nie\u010do z na\u0161ej ponuky zaujalo tak n\u00e1s m\u00f4\u017ete kontaktova\u0165 na z\u00edskanie \u010fal\u0161\u00edch inform\u00e1ci\u00ed.<\/strong><br \/>\n<strong> Miroslav Petre, konate\u013e spolo\u010dnosti<\/strong><span style=\"color: #000000; font-size: 12px; line-height: 21px;\"><\/div><\/span><\/h5>\n<h1 style=\"text-align: center;\"><\/h1>\n<h1 style=\"text-align: center;\"><\/h1>\n<h1 style=\"text-align: center;\"><a href=\"http:\/\/www.zitos.sk\/wp-content\/uploads\/2011\/12\/20-V\u00fdro\u010die1.jpg\"><img loading=\"lazy\" decoding=\"async\" class=\" wp-image-1003\" src=\"http:\/\/www.zitos.sk\/wp-content\/uploads\/2011\/12\/20-V\u00fdro\u010die1-1024x998.jpg\" alt=\"V\u00fdro\u010die spolo\u010dnosti\" width=\"120\" height=\"117\" srcset=\"https:\/\/www.zitos.sk\/wp-content\/uploads\/2011\/12\/20-V\u00fdro\u010die1-1024x998.jpg 1024w, https:\/\/www.zitos.sk\/wp-content\/uploads\/2011\/12\/20-V\u00fdro\u010die1-300x293.jpg 300w, https:\/\/www.zitos.sk\/wp-content\/uploads\/2011\/12\/20-V\u00fdro\u010die1-148x144.jpg 148w, https:\/\/www.zitos.sk\/wp-content\/uploads\/2011\/12\/20-V\u00fdro\u010die1-31x31.jpg 31w, https:\/\/www.zitos.sk\/wp-content\/uploads\/2011\/12\/20-V\u00fdro\u010die1-38x38.jpg 38w, https:\/\/www.zitos.sk\/wp-content\/uploads\/2011\/12\/20-V\u00fdro\u010die1-221x215.jpg 221w, https:\/\/www.zitos.sk\/wp-content\/uploads\/2011\/12\/20-V\u00fdro\u010die1.jpg 1280w\" sizes=\"(max-width: 120px) 100vw, 120px\" \/><\/a><\/h1>\n<p><span style=\"color: #008000;\">\u00a0 \u00a0 \u00a0 \u00a0 \u00a0 \u00a0 \u00a0 \u00a0 \u00a0 \u00a0 \u00a0 \u00a0 \u00a0 \u00a0 \u00a0 \u00a0 \u00a0 \u00a0 \u00a0 \u00a0 \u00a0 \u00a0 \u00a0 \u00a0 \u00a0 \u00a0 \u00a0 \u00a0 \u00a0 \u00a0 \u00a0 \u00a0V\u00fdro\u010die spolo\u010dnosti<\/span><\/p>\n<p><a href=\"http:\/\/www.zitos.sk\/wp-content\/uploads\/2011\/12\/Bez-n\u00e1zvu.jpg\"><img loading=\"lazy\" decoding=\"async\" class=\"alignright size-full wp-image-1006\" src=\"http:\/\/www.zitos.sk\/wp-content\/uploads\/2011\/12\/Bez-n\u00e1zvu.jpg\" alt=\"Bez n\u00e1zvu\" width=\"774\" height=\"570\" srcset=\"https:\/\/www.zitos.sk\/wp-content\/uploads\/2011\/12\/Bez-n\u00e1zvu.jpg 774w, https:\/\/www.zitos.sk\/wp-content\/uploads\/2011\/12\/Bez-n\u00e1zvu-300x221.jpg 300w, https:\/\/www.zitos.sk\/wp-content\/uploads\/2011\/12\/Bez-n\u00e1zvu-148x109.jpg 148w, https:\/\/www.zitos.sk\/wp-content\/uploads\/2011\/12\/Bez-n\u00e1zvu-31x23.jpg 31w, https:\/\/www.zitos.sk\/wp-content\/uploads\/2011\/12\/Bez-n\u00e1zvu-38x28.jpg 38w, https:\/\/www.zitos.sk\/wp-content\/uploads\/2011\/12\/Bez-n\u00e1zvu-292x215.jpg 292w\" sizes=\"(max-width: 774px) 100vw, 774px\" \/><\/a><\/p>\n<p>&nbsp;<\/p>\n<p style=\"text-align: center;\"><a href=\"http:\/\/www.zitos.sk\/wp-content\/uploads\/2011\/12\/TT.jpg\"><img loading=\"lazy\" decoding=\"async\" class=\"size-full wp-image-480 aligncenter\" title=\"nasgsatn3mk4\" src=\"http:\/\/www.zitos.sk\/wp-content\/uploads\/2011\/12\/nasgsatn3mk4.gif\" alt=\"\" width=\"56\" height=\"50\" \/><\/a><\/p>\n<p>&nbsp;<\/p>\n<div id=\"google_translate_element\"><\/div>\n<p><script type=\"text\/javascript\">\nfunction googleTranslateElementInit() {\n  new google.translate.TranslateElement({pageLanguage: 'sk', layout: google.translate.TranslateElement.InlineLayout.SIMPLE}, 'google_translate_element');\n}\n<\/script><script type=\"text\/javascript\" src=\"\/\/translate.google.com\/translate_a\/element.js?cb=googleTranslateElementInit\"><\/script><\/p>\n","protected":false},"excerpt":{"rendered":"<p>\u00a0 \u00a0 \u00a0 \u00a0 \u00a0 \u00a0 \u00a0 \u00a0 \u00a0 \u00a0 \u00a0 \u00a0 \u00a0 \u00a0 \u00a0 \u00a0 \u00a0 \u00a0 \u00a0 \u00a0 \u00a0 \u00a0 \u00a0 \u00a0 \u00a0 \u00a0 \u00a0 \u00a0 \u00a0 \u00a0 \u00a0 \u00a0V\u00fdro\u010die spolo\u010dnosti &nbsp; &nbsp;<\/p>\n","protected":false},"author":1,"featured_media":0,"parent":0,"menu_order":1,"comment_status":"closed","ping_status":"closed","template":"","meta":{"footnotes":""},"_links":{"self":[{"href":"https:\/\/www.zitos.sk\/index.php?rest_route=\/wp\/v2\/pages\/40"}],"collection":[{"href":"https:\/\/www.zitos.sk\/index.php?rest_route=\/wp\/v2\/pages"}],"about":[{"href":"https:\/\/www.zitos.sk\/index.php?rest_route=\/wp\/v2\/types\/page"}],"author":[{"embeddable":true,"href":"https:\/\/www.zitos.sk\/index.php?rest_route=\/wp\/v2\/users\/1"}],"replies":[{"embeddable":true,"href":"https:\/\/www.zitos.sk\/index.php?rest_route=%2Fwp%2Fv2%2Fcomments&post=40"}],"version-history":[{"count":117,"href":"https:\/\/www.zitos.sk\/index.php?rest_route=\/wp\/v2\/pages\/40\/revisions"}],"predecessor-version":[{"id":1841,"href":"https:\/\/www.zitos.sk\/index.php?rest_route=\/wp\/v2\/pages\/40\/revisions\/1841"}],"wp:attachment":[{"href":"https:\/\/www.zitos.sk\/index.php?rest_route=%2Fwp%2Fv2%2Fmedia&parent=40"}],"curies":[{"name":"wp","href":"https:\/\/api.w.org\/{rel}","templated":true}]}}