{"id":59,"date":"2011-12-09T21:16:45","date_gmt":"2011-12-09T21:16:45","guid":{"rendered":"http:\/\/www.zitos.sk\/?page_id=59"},"modified":"2022-06-17T09:08:52","modified_gmt":"2022-06-17T08:08:52","slug":"nieco-o-karavaningu","status":"publish","type":"page","link":"https:\/\/www.zitos.sk\/?page_id=59","title":{"rendered":"Nie\u010do o karavaningu"},"content":{"rendered":"<p style=\"text-align: justify;\"><div class=\"blue_message\"> <strong>Ak chcete vedie\u0165 viac ako sa d\u00e1 karavan vyu\u017ei\u0165 nielen na \u00a0 \u00a0dopravu \u00a0a b\u00fdvanie pri mori, m\u00f4\u017ete sa o tom presved\u010di\u0165 na t\u00fdchto str\u00e1nkach. \u00a0Zauj\u00edmav\u00e9 foto z Vietnamu, Kambod\u017ee, Thajska&#8230;<\/strong><\/p>\n<p><div id='gallery-1' class='gallery galleryid-59 gallery-columns-3 gallery-size-thumbnail'><dl class='gallery-item'>\n\t\t\t<dt class='gallery-icon landscape'>\n\t\t\t\t<a href='https:\/\/www.zitos.sk\/?attachment_id=116'><img loading=\"lazy\" decoding=\"async\" width=\"150\" height=\"150\" src=\"https:\/\/www.zitos.sk\/wp-content\/uploads\/2011\/12\/337-150x150.jpg\" class=\"attachment-thumbnail size-thumbnail\" alt=\"\" \/><\/a>\n\t\t\t<\/dt><\/dl><dl class='gallery-item'>\n\t\t\t<dt class='gallery-icon landscape'>\n\t\t\t\t<a href='https:\/\/www.zitos.sk\/?attachment_id=117'><img loading=\"lazy\" decoding=\"async\" width=\"150\" height=\"150\" src=\"https:\/\/www.zitos.sk\/wp-content\/uploads\/2011\/12\/adria_matrix_680sp_500-150x150.jpg\" class=\"attachment-thumbnail size-thumbnail\" alt=\"\" \/><\/a>\n\t\t\t<\/dt><\/dl><dl class='gallery-item'>\n\t\t\t<dt class='gallery-icon landscape'>\n\t\t\t\t<a href='https:\/\/www.zitos.sk\/?attachment_id=118'><img loading=\"lazy\" decoding=\"async\" width=\"150\" height=\"150\" src=\"https:\/\/www.zitos.sk\/wp-content\/uploads\/2011\/12\/SPORT573-001-150x150.jpg\" class=\"attachment-thumbnail size-thumbnail\" alt=\"\" \/><\/a>\n\t\t\t<\/dt><\/dl><br style=\"clear: both\" \/>\n\t\t<\/div>\n<\/p>\n<p><\/div> <div class=\"clr\">&nbsp;<\/div><\/p>\n<p style=\"text-align: center;\"><span style=\"line-height: 24px; text-align: center;\"><a class=\"bigbutton \" href=\"http:\/\/www.zitos.sk\/karavaning\/\" style=\"background-color: #336699; -moz-text-shadow: -1px -1px 0 #1f5285; -webkit-text-shadow: -1px -1px 0 #1f5285; text-shadow: -1px -1px 0 #1f5285;\">Pozrite sa sem<\/a><\/span><\/p>\n<p><span style=\"font-size: 16px; line-height: 24px; text-align: center;\"><div class=\"clr\">&nbsp;<\/div><\/span><\/p>\n<div id=\"google_translate_element\"><\/div>\n<p><script type=\"text\/javascript\">\nfunction googleTranslateElementInit() {\n  new google.translate.TranslateElement({pageLanguage: 'sk', layout: google.translate.TranslateElement.InlineLayout.SIMPLE}, 'google_translate_element');\n}\n<\/script><script type=\"text\/javascript\" src=\"\/\/translate.google.com\/translate_a\/element.js?cb=googleTranslateElementInit\"><\/script><\/p>\n","protected":false},"excerpt":{"rendered":"","protected":false},"author":1,"featured_media":0,"parent":0,"menu_order":5,"comment_status":"closed","ping_status":"closed","template":"onecolumn-page.php","meta":{"footnotes":""},"_links":{"self":[{"href":"https:\/\/www.zitos.sk\/index.php?rest_route=\/wp\/v2\/pages\/59"}],"collection":[{"href":"https:\/\/www.zitos.sk\/index.php?rest_route=\/wp\/v2\/pages"}],"about":[{"href":"https:\/\/www.zitos.sk\/index.php?rest_route=\/wp\/v2\/types\/page"}],"author":[{"embeddable":true,"href":"https:\/\/www.zitos.sk\/index.php?rest_route=\/wp\/v2\/users\/1"}],"replies":[{"embeddable":true,"href":"https:\/\/www.zitos.sk\/index.php?rest_route=%2Fwp%2Fv2%2Fcomments&post=59"}],"version-history":[{"count":59,"href":"https:\/\/www.zitos.sk\/index.php?rest_route=\/wp\/v2\/pages\/59\/revisions"}],"predecessor-version":[{"id":1961,"href":"https:\/\/www.zitos.sk\/index.php?rest_route=\/wp\/v2\/pages\/59\/revisions\/1961"}],"wp:attachment":[{"href":"https:\/\/www.zitos.sk\/index.php?rest_route=%2Fwp%2Fv2%2Fmedia&parent=59"}],"curies":[{"name":"wp","href":"https:\/\/api.w.org\/{rel}","templated":true}]}}