{"id":70,"date":"2011-12-09T21:44:47","date_gmt":"2011-12-09T20:44:47","guid":{"rendered":"http:\/\/www.zitos.sk\/?page_id=70"},"modified":"2024-02-21T15:29:56","modified_gmt":"2024-02-21T14:29:56","slug":"kontakt","status":"publish","type":"page","link":"https:\/\/www.zitos.sk\/?page_id=70","title":{"rendered":"Kontakt"},"content":{"rendered":"<p><strong>\u00a0ZITOS, s.r.o.\u00a0 \u00a0 \u00a0 \u00a0 \u00a0 \u00a0 \u00a0 \u00a0 \u00a0 \u00a0 \u00a0 \u00a0 \u00a0 \u00a0 \u00a0 \u00a0 \u00a0 \u00a0 \u00a0 \u00a0 \u00a0 \u00a0 \u00a0 \u00a0 \u00a0 \u00a0 \u00a0 \u00a0 \u00a0 \u00a0 \u00a0 \u00a0 \u00a0 \u00a0 \u00a0 \u00a0 \u00a0 \u00a0 \u00a0 \u00a0 \u00a0 \u00a0 \u00a0 \u00a0 \u00a0 \u00a0 \u00a0 \u00a0 \u00a0 \u00a0 \u00a0 \u00a0 \u00a0 \u00a0 \u00a0 \u00a0 \u00a0 \u00a0 \u00a0 \u00a0 \u00a0 \u00a0 \u00a0 \u00a0<a href=\"https:\/\/www.google.com\/maps\/@48.3650584,17.5824875,3a,75y,5.34h,85.37t\/data=!3m6!1e1!3m4!1sKrANCihT2MJHt3OVd52zmg!2e0!7i16384!8i8192?entry=ttu\"> 9.m\u00e1ja 2212\/54<\/a><\/strong><strong>\u00a0 \u00a0 \u00a0 \u00a0 \u00a0 \u00a0 \u00a0 \u00a0 \u00a0 \u00a0 \u00a0 \u00a0 \u00a0 \u00a0 \u00a0 \u00a0 \u00a0 \u00a0 \u00a0 \u00a0 \u00a0 \u00a0 \u00a0 \u00a0 \u00a0 \u00a0 \u00a0 \u00a0 \u00a0 \u00a0 \u00a0 \u00a0 \u00a0 \u00a0 \u00a0 \u00a0 \u00a0 \u00a0 \u00a0 \u00a0 \u00a0 \u00a0 \u00a0 \u00a0 \u00a0 \u00a0 \u00a0 \u00a0 \u00a0 \u00a0 \u00a0 \u00a0 \u00a0 \u00a0 \u00a0 \u00a0 \u00a0 \u00a0 \u00a0 \u00a0 \u00a0 \u00a0 \u00a0<\/strong><strong>917 02 Trnava \u00a0 \u00a0 \u00a0 \u00a0 \u00a0 \u00a0 \u00a0 \u00a0 \u00a0 \u00a0 \u00a0 \u00a0 \u00a0 \u00a0 \u00a0 \u00a0 \u00a0 \u00a0 \u00a0 \u00a0 \u00a0 \u00a0 \u00a0 \u00a0 \u00a0 \u00a0 \u00a0 \u00a0 \u00a0 \u00a0 \u00a0 \u00a0 \u00a0 \u00a0 \u00a0 \u00a0 \u00a0 \u00a0 \u00a0 \u00a0 \u00a0 \u00a0 \u00a0 \u00a0 \u00a0 \u00a0 \u00a0 \u00a0 \u00a0 \u00a0 \u00a0 \u00a0 \u00a0 \u00a0 \u00a0 \u00a0 \u00a0 \u00a0 \u00a0 \u00a0 \u00a0 \u00a0 \u00a0 \u00a0<\/strong><strong> <a class=\"asfpicon ico_mail\" href=\"mailto:zitos@zitos.sk\">Posla\u0165 email<\/a><\/strong><\/p>\n<p><a class=\"button2 \" href=\"http:\/\/www.orsr.sk\/vypis.asp?ID=2909&amp;SID=7&amp;P=0\">V\u00fdpis z obchodn\u00e9ho registra<\/a><\/p>\n<p style=\"text-align: center;\">\n<p>Poskytujeme:<\/p>\n<ol>\n<li>K\u00fapa tovaru za \u00fa\u010delom jeho predaja kone\u010dn\u00e9mu spotrebite\u013eovi<br \/>\n\/maloobchod\/,<\/li>\n<li>alebo za \u00fa\u010delom jeho predaja in\u00fdm prev\u00e1dzkovate\u013eom \u017eivnosti<br \/>\n\/ve\u013ekoobchod\/ v rozsahu vo\u013enej \u017eivnosti,<\/li>\n<li>Sprostredkovanie obchodu v rozsahu vo\u013enej \u017eivnosti,<\/li>\n<li>Sprostredkovate\u013esk\u00e1 \u010dinnos\u0165 \/mimo \u010dinnost\u00ed vyl\u00fa\u010den\u00fdch z<br \/>\np\u00f4sobnosti \u017eivnostensk\u00e9ho z\u00e1kona\/,<\/li>\n<li>Obchodn\u00e9 a podnikate\u013esk\u00e9 poradenstvo v rozsahu vo\u013enej \u017eivnosti,<\/li>\n<li>Technick\u00e9 poradenstvo v rozsahu vo\u013enej \u017eivnosti,<\/li>\n<li>Faktoring a forfaiting,<\/li>\n<li>V\u00fdroba reklamy,<\/li>\n<li>\u0160koliaca \u010dinnos\u0165,<\/li>\n<li>Pren\u00e1jom hnute\u013en\u00fdch vec\u00ed s v\u00fdnimkou t\u00fdch, na ktor\u00e9 sa vy\u017eaduje<br \/>\nzvl\u00e1\u0161tne povolenie,<\/li>\n<li>Pren\u00e1jom nehnute\u013enost\u00ed vr\u00e1tane poskytovania z\u00e1kladn\u00fdch slu\u017eieb a<br \/>\ndoplnkov\u00fdch \u010dinnost\u00ed &#8211; pren\u00e1jom strojov, pr\u00edstrojov a zariaden\u00ed,<\/li>\n<li>Pr\u00edpravn\u00e9 pr\u00e1ce k realiz\u00e1cii stavby,<\/li>\n<li>Dokon\u010dovacie stavebn\u00e9 pr\u00e1ce pri realiz\u00e1cii exteri\u00e9rov a interi\u00e9rov,<\/li>\n<li>Uskuto\u010d\u0148ovanie stavieb a ich zmien,<\/li>\n<li>Manik\u00fara-pedik\u00fara,<\/li>\n<li>\u010cistiace a upratovacie slu\u017eby,<\/li>\n<li>Informat\u00edvne testovanie, meranie, anal\u00fdzy a kontroly,<\/li>\n<li>Poskytovanie prepravn\u00fdch slu\u017eieb nemotorov\u00fdmi vozidlami,<\/li>\n<li>V\u00fdroba skla, v\u00fdrobkov zo skla a ich \u00faprava,<\/li>\n<li>Po\u010d\u00edta\u010dov\u00e9 slu\u017eby a slu\u017eby s\u00favisiace s po\u010d\u00edta\u010dov\u00fdm spracovan\u00edm \u00fadajov,<\/li>\n<li>V\u00fdroba a hutn\u00edcke spracovanie kovov,<\/li>\n<li>Reklamn\u00e9 a marketingov\u00e9 slu\u017eby, prieskum trhu a verejnej mienky,<\/li>\n<li>\u0160portov\u00e1 \u010dinnos\u0165 pod\u013ea \u00a7 3 p\u00edsm. a) z\u00e1kona \u010d. 440\/2015 Z. z. o \u0161porte a o zmene a doplnen\u00ed niektor\u00fdch z\u00e1konov v znen\u00ed neskor\u0161\u00edch predpisov,<\/li>\n<\/ol>\n","protected":false},"excerpt":{"rendered":"<p>\u00a0ZITOS, s.r.o.\u00a0 \u00a0 \u00a0 \u00a0 \u00a0 \u00a0 \u00a0 \u00a0 \u00a0 \u00a0 \u00a0 \u00a0 \u00a0 \u00a0 \u00a0 \u00a0 \u00a0 \u00a0 \u00a0 \u00a0 \u00a0 \u00a0 \u00a0 \u00a0 \u00a0 \u00a0 \u00a0 \u00a0 \u00a0 \u00a0 \u00a0 \u00a0 \u00a0 \u00a0 \u00a0 \u00a0 \u00a0 \u00a0 \u00a0 &hellip; <a href=\"https:\/\/www.zitos.sk\/?page_id=70\">Pokra\u010dova\u0165 v \u010d\u00edtan\u00ed <span class=\"meta-nav\">&rarr;<\/span><\/a><\/p>\n","protected":false},"author":1,"featured_media":0,"parent":0,"menu_order":12,"comment_status":"closed","ping_status":"closed","template":"","meta":{"footnotes":""},"_links":{"self":[{"href":"https:\/\/www.zitos.sk\/index.php?rest_route=\/wp\/v2\/pages\/70"}],"collection":[{"href":"https:\/\/www.zitos.sk\/index.php?rest_route=\/wp\/v2\/pages"}],"about":[{"href":"https:\/\/www.zitos.sk\/index.php?rest_route=\/wp\/v2\/types\/page"}],"author":[{"embeddable":true,"href":"https:\/\/www.zitos.sk\/index.php?rest_route=\/wp\/v2\/users\/1"}],"replies":[{"embeddable":true,"href":"https:\/\/www.zitos.sk\/index.php?rest_route=%2Fwp%2Fv2%2Fcomments&post=70"}],"version-history":[{"count":101,"href":"https:\/\/www.zitos.sk\/index.php?rest_route=\/wp\/v2\/pages\/70\/revisions"}],"predecessor-version":[{"id":1986,"href":"https:\/\/www.zitos.sk\/index.php?rest_route=\/wp\/v2\/pages\/70\/revisions\/1986"}],"wp:attachment":[{"href":"https:\/\/www.zitos.sk\/index.php?rest_route=%2Fwp%2Fv2%2Fmedia&parent=70"}],"curies":[{"name":"wp","href":"https:\/\/api.w.org\/{rel}","templated":true}]}}