{"id":912,"date":"2015-01-28T15:11:37","date_gmt":"2015-01-28T14:11:37","guid":{"rendered":"http:\/\/www.zitos.sk\/?page_id=912"},"modified":"2018-04-09T21:26:26","modified_gmt":"2018-04-09T20:26:26","slug":"superbarter","status":"publish","type":"page","link":"https:\/\/www.zitos.sk\/?page_id=912","title":{"rendered":"Superbarter"},"content":{"rendered":"<blockquote>\n<p style=\"text-align: justify;\">\u00a0 \u00a0 \u00a0<strong>K<\/strong>e\u010f sa firme z r\u00f4znych d\u00f4vodov nedar\u00ed preda\u0165 svoje v\u00fdrobky alebo slu\u017eby za eur\u00e1 v dostato\u010dnom objeme a mno\u017estve &#8211; pod\u013ea svojich predst\u00e1v, m\u00f4\u017ee sa zaregistrova\u0165 v b\u00e1rtrovom syst\u00e9me, a tam m\u00f4\u017ee pon\u00faknu\u0165 svoje v\u00fdrobky alebo slu\u017eby &#8211; za b\u00e1rtrov\u00e9 eur\u00e1. Takto si firma &#8211; klient bartrov\u00e9ho syst\u00e9mu &#8211; m\u00f4\u017ee zarobi\u0165 popri be\u017en\u00fdch eur\u00e1ch aj BARTROV\u00c9 EUR\u00c1. Tieto zaroben\u00e9 b\u00e1rtrov\u00e9 eur\u00e1 sa potom daj\u00fa pou\u017ei\u0165 na n\u00e1kupy &#8211; od \u013eubovo\u013en\u00e9ho klienta b\u00e1rtrov\u00e9ho syst\u00e9mu.<\/p>\n<p style=\"text-align: center;\"><em><strong>Na\u0161a spolo\u010dnos\u0165 je zmluvn\u00fdm partnerom<\/strong><\/em><a href=\"http:\/\/www.superbarter.sk\"><em><strong><img loading=\"lazy\" decoding=\"async\" class=\"size-full wp-image-994 aligncenter\" src=\"http:\/\/www.zitos.sk\/wp-content\/uploads\/2015\/01\/Superbarter2.png\" alt=\"Superbarter2\" width=\"259\" height=\"73\" srcset=\"https:\/\/www.zitos.sk\/wp-content\/uploads\/2015\/01\/Superbarter2.png 259w, https:\/\/www.zitos.sk\/wp-content\/uploads\/2015\/01\/Superbarter2-148x42.png 148w, https:\/\/www.zitos.sk\/wp-content\/uploads\/2015\/01\/Superbarter2-31x9.png 31w, https:\/\/www.zitos.sk\/wp-content\/uploads\/2015\/01\/Superbarter2-38x11.png 38w\" sizes=\"(max-width: 259px) 100vw, 259px\" \/><\/strong><\/em><\/a><\/p>\n<\/blockquote>\n<div id=\"google_translate_element\"><\/div>\n<p>&nbsp;<\/p>\n<div id=\"google_translate_element\"><\/div>\n","protected":false},"excerpt":{"rendered":"<p>\u00a0 \u00a0 \u00a0Ke\u010f sa firme z r\u00f4znych d\u00f4vodov nedar\u00ed preda\u0165 svoje v\u00fdrobky alebo slu\u017eby za eur\u00e1 v dostato\u010dnom objeme a mno\u017estve &#8211; pod\u013ea svojich predst\u00e1v, m\u00f4\u017ee sa zaregistrova\u0165 v b\u00e1rtrovom syst\u00e9me, a tam m\u00f4\u017ee pon\u00faknu\u0165 svoje v\u00fdrobky alebo slu\u017eby &#8211; &hellip; <a href=\"https:\/\/www.zitos.sk\/?page_id=912\">Pokra\u010dova\u0165 v \u010d\u00edtan\u00ed <span class=\"meta-nav\">&rarr;<\/span><\/a><\/p>\n","protected":false},"author":1,"featured_media":0,"parent":0,"menu_order":0,"comment_status":"closed","ping_status":"closed","template":"","meta":{"footnotes":""},"_links":{"self":[{"href":"https:\/\/www.zitos.sk\/index.php?rest_route=\/wp\/v2\/pages\/912"}],"collection":[{"href":"https:\/\/www.zitos.sk\/index.php?rest_route=\/wp\/v2\/pages"}],"about":[{"href":"https:\/\/www.zitos.sk\/index.php?rest_route=\/wp\/v2\/types\/page"}],"author":[{"embeddable":true,"href":"https:\/\/www.zitos.sk\/index.php?rest_route=\/wp\/v2\/users\/1"}],"replies":[{"embeddable":true,"href":"https:\/\/www.zitos.sk\/index.php?rest_route=%2Fwp%2Fv2%2Fcomments&post=912"}],"version-history":[{"count":12,"href":"https:\/\/www.zitos.sk\/index.php?rest_route=\/wp\/v2\/pages\/912\/revisions"}],"predecessor-version":[{"id":1563,"href":"https:\/\/www.zitos.sk\/index.php?rest_route=\/wp\/v2\/pages\/912\/revisions\/1563"}],"wp:attachment":[{"href":"https:\/\/www.zitos.sk\/index.php?rest_route=%2Fwp%2Fv2%2Fmedia&parent=912"}],"curies":[{"name":"wp","href":"https:\/\/api.w.org\/{rel}","templated":true}]}}