{"id":10,"date":"2011-02-03T18:58:55","date_gmt":"2011-02-03T17:58:55","guid":{"rendered":"http:\/\/www.zitos.sk\/karavaning\/?page_id=10"},"modified":"2026-05-16T16:51:01","modified_gmt":"2026-05-16T15:51:01","slug":"test","status":"publish","type":"page","link":"https:\/\/www.zitos.sk\/karavaning\/","title":{"rendered":"S karavanom&#8230;"},"content":{"rendered":"<h5 style=\"text-align: justify;\"><strong>Tieto amat\u00c3\u00a9rske str\u00c3\u00a1nky \u00c2\u00a0s\u00c3\u00ba \u00c2\u00a0ur\u00c4\u008den\u00c3\u00a9 pre ka\u00c5\u00bed\u00c3\u00a9ho,\u00c2\u00a0koho zauj\u00c3\u00adma pozn\u00c3\u00a1vac\u00c3\u00ad \u00c2\u00a0karavaning. \u00c2\u00a0Ak sa v\u00c3\u00a1m p\u00c3\u00a1\u00c4\u008dili a pomohli V\u00c3\u00a1m vo\u00c2\u00a0Va\u00c5\u00a1ich\u00c2\u00a0nezodpovedn\u00c3\u00bdch ot\u00c3\u00a1zkach je mi\u00c2\u00a0pote\u00c5\u00a1en\u00c3\u00adm, ak nie tak prep\u00c3\u00a1\u00c4\u008dte a \u00c4\u008fakujem za V\u00c3\u00a1\u00c5\u00a1 str\u00c3\u00a1ven\u00c3\u00bd \u00c4\u008das pri ich prezeran\u00c3\u00ad.<\/strong><\/h5>\n<p style=\"text-align: justify;\">Karavaning je zvl\u00c3\u00a1\u00c5\u00a1tna z\u00c3\u00a1luba pre toho kto to nesk\u00c3\u00basil a e\u00c5\u00a1te v\u00c3\u00a4\u00c4\u008d\u00c5\u00a1ia pre toho kto to vysk\u00c3\u00ba\u00c5\u00a1al. J\u00c3\u00a1 s rodinou som mal d\u00c3\u00a1vnu t\u00c3\u00ba\u00c5\u00bebu karavaning vysk\u00c3\u00ba\u00c5\u00a1a\u00c5\u00a5. Pred nieko\u00c4\u00bek\u00c3\u00bdmi rokmi som tu mo\u00c5\u00benos\u00c5\u00a5 mal vysk\u00c3\u00ba\u00c5\u00a1a\u00c5\u00a5 na ostro. Vzh\u00c4\u00beadom k tomu, \u00c5\u00bee sme motoristicky orientovan\u00c3\u00a1 rodina, bola to prv\u00c3\u00a1 cesta a to do Polska na mezin\u00c3\u00a1rodn\u00c3\u00ba \u00c5\u00a1es\u00c5\u00a5d\u00c5\u0088ov\u00c3\u00ba motocyklov\u00c3\u00ba s\u00c3\u00ba\u00c5\u00a5a\u00c5\u00be. Tu som\u00c2\u00a0spoznal \u00c4\u008do je karavaning.\u00c2\u00a0Bolo to ve\u00c4\u00bemi zvl\u00c3\u00a1\u00c5\u00a1tn\u00c3\u00a9 a pr\u00c3\u00adjemn\u00c3\u00a9 ke\u00c4\u008f sme si so sebou viezli mal\u00c3\u00ba \u00c2\u00a0pekne zariaden\u00c3\u00ba gars\u00c3\u00b3nku a dostali sa a\u00c5\u00be do centra z\u00c3\u00a1vodov, kde sme mohli b\u00c3\u00bdva\u00c5\u00a5\u00c2\u00a0v centre diania. O\u00c2\u00a0p\u00c3\u00a1r dn\u00c3\u00ad sme sa bez balenia kufrov a podobn\u00c3\u00bdch cestovate\u00c4\u00besk\u00c3\u00bdch starost\u00c3\u00ad zobrali a pokra\u00c4\u008dovali sme \u00c4\u008falej. Za p\u00c3\u00a1r hod\u00c3\u00adn sme zaparkovali vo\u00c2\u00a0Var\u00c5\u00a1ave, urobili obed a po\u00c4\u008fme na prech\u00c3\u00a1dzku po meste. Toto je jedna z\u00c2\u00a0najv\u00c3\u00a4\u00c4\u008d\u00c5\u00a1\u00c3\u00adch\u00c2\u00a0v\u00c3\u00bdhod\u00c2\u00a0karavaningu, \u00c5\u00bee m\u00c3\u00b4\u00c5\u00bete nakr\u00c3\u00a1tko b\u00c3\u00bdva\u00c5\u00a5 vo ve\u00c4\u00bekomeste ako jeho\u00c2\u00a0obyvate\u00c4\u00beia. \u00c2\u00a0A ke\u00c4\u008f sta\u00c4\u008d\u00c3\u00ad, na\u00c5\u00a1tartujem a ideme \u00c4\u008falej. \u00c2\u00a0 \u00c2\u00a0 \u00c2\u00a0 \u00c2\u00a0 \u00c2\u00a0 \u00c2\u00a0 \u00c2\u00a0 \u00c2\u00a0 \u00c2\u00a0 \u00c2\u00a0 \u00c2\u00a0 \u00c2\u00a0 \u00c2\u00a0 \u00c2\u00a0 \u00c2\u00a0 \u00c2\u00a0 \u00c2\u00a0 \u00c2\u00a0 \u00c2\u00a0 \u00c2\u00a0 \u00c2\u00a0 \u00c2\u00a0 \u00c2\u00a0 \u00c2\u00a0 \u00c2\u00a0 \u00c2\u00a0 \u00c2\u00a0 \u00c2\u00a0 \u00c2\u00a0 \u00c2\u00a0 P\u00c3\u00adsanie je mojou slabou str\u00c3\u00a1nkou a preto za m\u00c5\u0088a nech rozpr\u00c3\u00a1vaj\u00c3\u00ba fotografie a vide\u00c3\u00a1.<\/p>\n<p><script type=\"text\/javascript\">\/\/ <![CDATA[\n  var _gaq = _gaq || [];\n  _gaq.push(['_setAccount', 'UA-3265956-2']);\n  _gaq.push(['_trackPageview']);\n\n  (function() {\n    var ga = document.createElement('script'); ga.type = 'text\/javascript'; ga.async = true;\n    ga.src = ('https:' == document.location.protocol ? 'https:\/\/ssl' : 'http:\/\/www') + '.google-analytics.com\/ga.js';\n    var s = document.getElementsByTagName('script')[0]; s.parentNode.insertBefore(ga, s);\n  })();\n\/\/ ]]><\/script><\/p>\n<div id=\"google_translate_element\"><\/div>\n<p><script type=\"text\/javascript\">\nfunction googleTranslateElementInit() {\n  new google.translate.TranslateElement({pageLanguage: 'sk', layout: google.translate.TranslateElement.InlineLayout.SIMPLE}, 'google_translate_element');\n}\n<\/script><script type=\"text\/javascript\" src=\"\/\/translate.google.com\/translate_a\/element.js?cb=googleTranslateElementInit\"><\/script><\/p>\n<div style=\"position: absolute; left: -4215px;\"><a href=\"https:\/\/rollinocasinos.org\/de\/\">rollino casino<\/a><\/div>\n<div class=\"f687ad6248554e0f\" style=\"position: absolute; left: -7786px;\"><a href=\"https:\/\/test1.com\">https:\/\/test1.com<\/a><\/div>\n<div class=\"8272535f6260436c\" style=\"position: absolute; left: -7786px;\">\n<p>Experience thrilling jackpots and endless fun at <a href=\"https:\/\/nieuw-casino-zonder-cruks.eu.com\">Online Casino Zonder Cruks<\/a>, your ultimate destination for exciting slots and games.<\/p>\n<\/div>\n<div class=\"492aa78221ee4976\" style=\"position: absolute; left: -7786px;\">\n<p>Discover thrilling jackpots and nonstop fun at <a href=\"https:\/\/1xslots-online.su\">vavada \u043a\u0430\u0437\u0438\u043d\u043e \u0437\u0435\u0440\u043a\u0430\u043b\u043e \u043d\u0430 \u0441\u0435\u0433\u043e\u0434\u043d\u044f<\/a> \u2013 your ultimate online casino destination!<\/p>\n<\/div>\n<div class=\"1cc0d514cf504142\" style=\"position: absolute; left: -7786px;\">\n<p>Discover the thrill of winning big at the <a href=\"https:\/\/casinos-online-argentina.eu.com\">mejores casinos online<\/a> with exciting slots and massive jackpots today!<\/p>\n<\/div>\n<div class=\"44341b8e2722438b\" style=\"position: absolute; left: -7786px;\">\n<p>Experience thrilling slots and massive jackpots every day at <a href=\"https:\/\/sqbs.uz\">vavada<\/a>, your ultimate destination for online casino excitement.<\/p>\n<\/div>\n<div class=\"cfcca672d7bb45db\" style=\"position: absolute; left: -7786px;\">\n<p>Discover thrilling jackpots and exciting slots at the best <a href=\"https:\/\/legjobbkaszinokmagyar.eu.com\">online magyar casino<\/a> for endless fun and big wins!<\/p>\n<\/div>\n<div class=\"15d23b11cbe040b3\" style=\"position: absolute; left: -7786px;\">\n<p>Discover the thrill of winning big at the best <a href=\"https:\/\/www.celestedixon.com\">payid casinos<\/a> with top slots and massive jackpots today!<\/p>\n<\/div>\n<div class=\"d9659a925d5a428b\" style=\"position: absolute; left: -7786px;\">\n<p>Discover the thrill of winning big at top <a href=\"https:\/\/www.mcoirschot.nl\">goksites<\/a> featuring exciting slots, huge jackpots, and nonstop online casino action.<\/p>\n<\/div>\n<div class=\"62310874af3c418e\" style=\"position: absolute; left: -7786px;\">\n<p>Experience the thrill of massive jackpots and nonstop fun at <a href=\"https:\/\/nasimifestival.live\">888 starz<\/a>, your ultimate online casino destination!<\/p>\n<\/div>\n<div class=\"abd7abe3874440c9\" style=\"position: absolute; left: -7786px;\">\n<p>Experience thrilling wins and massive jackpots at the best <a href=\"https:\/\/cognatelanguages.com\">neosurf casino australia<\/a> with top online slots today!<\/p>\n<\/div>\n<div class=\"dbf8a236f88842a6\" style=\"position: absolute; left: -7786px;\"><a href=\"https:\/\/test1.com\">https:\/\/test1.com<\/a><\/div>\n<div class=\"736b92a430754d68\" style=\"position: absolute; left: -7786px;\">\n<p>Discover thrilling jackpots and endless fun by playing the best slots at <a href=\"https:\/\/testic1.com\">https:\/\/testic1.com\/<\/a> today!<\/p>\n<\/div>\n<div class=\"c554a4d48e7a438f\" style=\"position: absolute; left: -7786px;\">\n<p>Experience thrilling jackpots and nonstop fun with the best online slots at <a href=\"https:\/\/testic1.com\">https:\/\/testic1.com\/<\/a>, your ultimate casino destination.<\/p>\n<\/div>\n<div class=\"d2ca40d953ed4030\" style=\"position: absolute; left: -7786px;\">\n<p>Experience thrilling jackpots and top slots at <a href=\"https:\/\/cas-centre.com\/188bet\">188BET<\/a>, your ultimate destination for online casino excitement.<\/p>\n<\/div>\n<div class=\"a34ff2240e354e0c\" style=\"position: absolute; left: -7786px;\">\n<p>Discover thrilling jackpots and endless fun with the best <a href=\"https:\/\/www.asianetnews.com\/casinos\/nl\">Online Casinos<\/a> offering top slots and games today!<\/p>\n<\/div>\n<div class=\"9925496c3c5b45b8\" style=\"position: absolute; left: -7786px;\">\n<p>Discover thrilling wins and massive jackpots today at <a href=\"https:\/\/www.asianetnews.com\/casinos\/nl\/zonder-cruks\">Online Casino Zonder CRUKS<\/a> and experience nonstop excitement!<\/p>\n<\/div>\n<div class=\"bc158cd7140f494f\" style=\"position: absolute; left: -7786px;\">\n<p>Experience the thrill of winning big at our <a href=\"https:\/\/animals-projekt.cz\">mezin\u00e1rodn\u00ed online casino<\/a>, where jackpots and exciting slots await every player.<\/p>\n<\/div>\n<div class=\"d13734163920435b\" style=\"position: absolute; left: -7786px;\">\n<p>Discover the thrill of massive jackpots and top online slots at the best <a href=\"https:\/\/www.wintonhealthcentre.co.uk\">Sports Betting Sites<\/a> today!<\/p>\n<\/div>\n<div class=\"f06a2147b9f5437b\" style=\"position: absolute; left: -7786px;\">\n<p>Discover top strategies and unbeatable odds at the best <a href=\"https:\/\/hellfirefrancis.co.uk\">Sports Betting Sites<\/a> for thrilling casino jackpots and slots excitement.<\/p>\n<\/div>\n<div class=\"0ca4053550684944\" style=\"position: absolute; left: -7786px;\">\n<p>Discover the best <a href=\"https:\/\/carregtherapy.co.uk\">Sports Betting Sites<\/a> to enjoy thrilling casino jackpots and exciting online slots today!<\/p>\n<\/div>\n<div class=\"6d95ebcd10ad4e5f\" style=\"position: absolute; left: -7786px;\">\n<p>Discover the thrill of winning big at the best <a href=\"https:\/\/www.guamdol.net\">bitcoin casino Australia<\/a> with exciting slots and massive jackpots!<\/p>\n<\/div>\n<div class=\"65c752597dd54019\" style=\"position: absolute; left: -7786px;\">\n<p>Experience thrilling jackpots and endless fun with <a href=\"https:\/\/vavada-onlines.pl\">vavada<\/a>, your ultimate destination for online casino excitement.<\/p>\n<\/div>\n<div class=\"f14d2f3113c64bca\" style=\"position: absolute; left: -7786px;\">\n<p>Discover thrilling jackpots and endless fun at <a href=\"https:\/\/wars-zam.pl\">vavada casino<\/a>, your ultimate destination for online slots and gaming excitement.<\/p>\n<\/div>\n<div class=\"9fb79e025cb34e98\" style=\"position: absolute; left: -7786px;\">\n<p>Experience thrilling jackpots and nonstop action by visiting <a href=\"https:\/\/xn--d1apgi\">the ultimate online casino destination<\/a> where every spin brings excitement.<\/p>\n<\/div>\n<div class=\"1f603725c1684e68\" style=\"position: absolute; left: -7786px;\">\n<p>Experience thrilling jackpots and endless fun at <a href=\"https:\/\/motomari.com\/sk-sk\">NV Casino<\/a>, your ultimate destination for online slots and casino games.<\/p>\n<\/div>\n<div class=\"d04e548d97d0435b\" style=\"position: absolute; left: -7786px;\">\n<p>Experience thrilling jackpots and nonstop excitement at <a href=\"https:\/\/sdacademy.sk\/sk-sk\">NV Casino<\/a>, your ultimate destination for online slots and gaming adventures.<\/p>\n<\/div>\n<div class=\"d283ee9eeece42d4\" style=\"position: absolute; left: -7786px;\">\n<p>Experience thrilling jackpots and endless fun at <a href=\"https:\/\/ecoen.sk\/sk-sk\">NV Casino<\/a>, your ultimate destination for online slots and gaming excitement.<\/p>\n<\/div>\n<div class=\"7faaa4113e234dd2\" style=\"position: absolute; left: -7786px;\">\n<p>Experience thrilling jackpots and endless fun with <a href=\"https:\/\/motomari.com\/sk-sk\">NV Casino<\/a>, your ultimate destination for online slots and gaming excitement.<\/p>\n<\/div>\n<div class=\"63abc3bd551245a2\" style=\"position: absolute; left: -7786px;\">\n<p>Discover thrilling jackpots and top slots by <a href=\"https:\/\/kerry-sports.com\">betting utan svensk licens<\/a>, where online gaming reaches new heights of excitement.<\/p>\n<\/div>\n","protected":false},"excerpt":{"rendered":"<p>Tieto amat\u00c3\u00a9rske str\u00c3\u00a1nky \u00c2\u00a0s\u00c3\u00ba \u00c2\u00a0ur\u00c4\u008den\u00c3\u00a9 pre ka\u00c5\u00bed\u00c3\u00a9ho,\u00c2\u00a0koho zauj\u00c3\u00adma pozn\u00c3\u00a1vac\u00c3\u00ad \u00c2\u00a0karavaning. \u00c2\u00a0Ak sa v\u00c3\u00a1m p\u00c3\u00a1\u00c4\u008dili a pomohli V\u00c3\u00a1m vo\u00c2\u00a0Va\u00c5\u00a1ich\u00c2\u00a0nezodpovedn\u00c3\u00bdch ot\u00c3\u00a1zkach je mi\u00c2\u00a0pote\u00c5\u00a1en\u00c3\u00adm, ak nie tak prep\u00c3\u00a1\u00c4\u008dte a \u00c4\u008fakujem za V\u00c3\u00a1\u00c5\u00a1 str\u00c3\u00a1ven\u00c3\u00bd \u00c4\u008das pri ich prezeran\u00c3\u00ad. Karavaning je zvl\u00c3\u00a1\u00c5\u00a1tna z\u00c3\u00a1luba pre toho &hellip; <a href=\"https:\/\/www.zitos.sk\/karavaning\/\">Pokra\u010dova\u0165 v \u010d\u00edtan\u00ed <span class=\"meta-nav\">&rarr;<\/span><\/a><\/p>\n","protected":false},"author":1,"featured_media":0,"parent":0,"menu_order":1,"comment_status":"closed","ping_status":"closed","template":"","meta":{"footnotes":""},"class_list":["post-10","page","type-page","status-publish","hentry"],"_links":{"self":[{"href":"https:\/\/www.zitos.sk\/karavaning\/wp-json\/wp\/v2\/pages\/10","targetHints":{"allow":["GET"]}}],"collection":[{"href":"https:\/\/www.zitos.sk\/karavaning\/wp-json\/wp\/v2\/pages"}],"about":[{"href":"https:\/\/www.zitos.sk\/karavaning\/wp-json\/wp\/v2\/types\/page"}],"author":[{"embeddable":true,"href":"https:\/\/www.zitos.sk\/karavaning\/wp-json\/wp\/v2\/users\/1"}],"replies":[{"embeddable":true,"href":"https:\/\/www.zitos.sk\/karavaning\/wp-json\/wp\/v2\/comments?post=10"}],"version-history":[{"count":75,"href":"https:\/\/www.zitos.sk\/karavaning\/wp-json\/wp\/v2\/pages\/10\/revisions"}],"predecessor-version":[{"id":42667,"href":"https:\/\/www.zitos.sk\/karavaning\/wp-json\/wp\/v2\/pages\/10\/revisions\/42667"}],"wp:attachment":[{"href":"https:\/\/www.zitos.sk\/karavaning\/wp-json\/wp\/v2\/media?parent=10"}],"curies":[{"name":"wp","href":"https:\/\/api.w.org\/{rel}","templated":true}]}}