{"id":15,"date":"2011-02-03T18:07:59","date_gmt":"2011-02-03T18:07:59","guid":{"rendered":"http:\/\/www.zitos.sk\/karavaning\/?page_id=15"},"modified":"2020-12-27T16:40:03","modified_gmt":"2020-12-27T15:40:03","slug":"navstivene-miesta","status":"publish","type":"page","link":"https:\/\/www.zitos.sk\/karavaning\/navstivene-miesta","title":{"rendered":"Nav\u0161t\u00edven\u00e9 miesta"},"content":{"rendered":"<p><span style=\"font-family: Georgia, 'Bitstream Charter', serif; line-height: 24px; font-size: 16px;\"><a title=\"Upravit \u201e2004 Prv\u00fd v\u00fdlet do Polska na IDSE\u201c\" href=\"http:\/\/www.zitos.sk\/karavaning\/?page_id=19\" target=\"_blank\" rel=\"noopener\">2004 Prv\u00fd v\u00fdlet do Polska na IDSE<\/a><\/span><br \/>\n<span style=\"font-family: Georgia, 'Bitstream Charter', serif; line-height: 24px; font-size: 16px;\"><a title=\"Upravit \u201e2005 \u010ea\u0161ia mezin\u00e1rodn\u00e1 motokrosov\u00e1 s\u00fa\u0165a\u017e teraz na Slovensku\u201c\" href=\"http:\/\/www.zitos.sk\/karavaning\/?page_id=21\" target=\"_blank\" rel=\"noopener\">2005 \u010ea\u0161ia mezin\u00e1rodn\u00e1 motokrosov\u00e1 s\u00fa\u0165a\u017e teraz na Slovensku<\/a><\/span><br \/>\n<span style=\"font-family: Georgia, 'Bitstream Charter', serif; line-height: 24px; font-size: 16px;\"><a href=\"http:\/\/www.zitos.sk\/karavaning\/?page_id=76\" target=\"_blank\" rel=\"noopener\">2006 Cesta za pol\u00e1rny kruh a WRC Rally Finland<\/a><\/span><br \/>\n<span style=\"font-family: Georgia, 'Bitstream Charter', serif; line-height: 24px; font-size: 16px;\"><a title=\"Upravit \u201e2007 Sard\u00ednia WRC Ralla Sardegna\u201c\" href=\"http:\/\/www.zitos.sk\/karavaning\/?page_id=286\" target=\"_blank\" rel=\"noopener\">2007 Okolo Sard\u00ednie a WRC Rally Sardegna<\/a><\/span><br \/>\n<span style=\"font-family: Georgia, 'Bitstream Charter', serif; line-height: 24px; font-size: 16px;\"><a title=\"Upravit \u201e2008 Okolo Pyrenejsk\u00e9ho poloostrova WRC Rally Germany\u201c\" href=\"http:\/\/www.zitos.sk\/karavaning\/?page_id=195\" target=\"_blank\" rel=\"noopener\">2008 Okolo Pyrenejsk\u00e9ho poloostrova a WRC Rally Germany<\/a><\/span><br \/>\n<span style=\"font-family: Georgia, 'Bitstream Charter', serif; line-height: 24px; font-size: 16px;\"><a href=\"http:\/\/www.zitos.sk\/karavaning\/?page_id=378\" target=\"_blank\" rel=\"noopener\">2009 Okolo Pelopon\u00e9zsk\u00e9ho poloostrova a WRC Rally Greece<\/a><\/span><br \/>\n<span style=\"font-family: Georgia, 'Bitstream Charter', serif; line-height: 24px; font-size: 16px;\"><a title=\"Upravit \u201e2009 WRC Rally Poland\u201c\" href=\"http:\/\/www.zitos.sk\/karavaning\/?page_id=420\" target=\"_blank\" rel=\"noopener\">2009 Okolo Polska a WRC Rally Poland<\/a><\/span><br \/>\n<span style=\"font-family: Georgia, 'Bitstream Charter', serif; line-height: 24px; font-size: 16px;\"><a title=\"Upravit \u201e2010 Karavanom do Jord\u00e1nska a Rally Jordan + Rally Turkay\u201c\" href=\"http:\/\/www.zitos.sk\/karavaning\/?page_id=492\" target=\"_blank\" rel=\"noopener\">2010 Karavanom do Jord\u00e1nska a Rally Jordan + Rally Turkay<\/a><\/span><br \/>\n<a title=\"Upravit \u201e2010 WRC Rally Bulgaria\u201c\" href=\"http:\/\/www.zitos.sk\/karavaning\/?page_id=527\" target=\"_blank\" rel=\"noopener\">2010 Okolo Bulharska a WRC Rally Bulgaria<\/a><\/p>\n<p><a style=\"line-height: 24px;\" title=\"Moje vide\u00e1\" href=\"https:\/\/www.youtube.com\/watch?v=qyXr8IrBfxc\" target=\"_blank\" rel=\"noopener\">Moje vide\u00e1<\/a><span style=\"line-height: 24px;\"> z \u00a0Jord\u00e1nska a S\u00fdrie 16 dielov z celej cesty na YouTube kan\u00e1li\u00a0 petreme1<\/span><\/p>\n<p><a href=\"https:\/\/picasaweb.google.com\/112707865541377343800\" target=\"_blank\" rel=\"noopener\">Ostatn\u00e9\u00a0foto z Vietnamu, Kambod\u017ee\u00a0a\u00a0Ir\u00e1nu<\/a> tentokr\u00e1t lietadlom.<\/p>\n<div id=\"google_translate_element\"><\/div>\n<p><script type=\"text\/javascript\">\/\/ <![CDATA[\nfunction googleTranslateElementInit() {\n  new google.translate.TranslateElement({pageLanguage: 'sk', layout: google.translate.TranslateElement.InlineLayout.SIMPLE}, 'google_translate_element');\n}\n\/\/ ]]><\/script><script src=\"\/\/translate.google.com\/translate_a\/element.js?cb=googleTranslateElementInit\" type=\"text\/javascript\"><\/script><\/p>\n","protected":false},"excerpt":{"rendered":"<p>2004 Prv\u00fd v\u00fdlet do Polska na IDSE 2005 \u010ea\u0161ia mezin\u00e1rodn\u00e1 motokrosov\u00e1 s\u00fa\u0165a\u017e teraz na Slovensku 2006 Cesta za pol\u00e1rny kruh a WRC Rally Finland 2007 Okolo Sard\u00ednie a WRC Rally Sardegna 2008 Okolo Pyrenejsk\u00e9ho poloostrova a WRC Rally Germany 2009 &hellip; <a href=\"https:\/\/www.zitos.sk\/karavaning\/navstivene-miesta\">Pokra\u010dova\u0165 v \u010d\u00edtan\u00ed <span class=\"meta-nav\">&rarr;<\/span><\/a><\/p>\n","protected":false},"author":1,"featured_media":0,"parent":0,"menu_order":0,"comment_status":"closed","ping_status":"closed","template":"","meta":{"footnotes":""},"class_list":["post-15","page","type-page","status-publish","hentry"],"_links":{"self":[{"href":"https:\/\/www.zitos.sk\/karavaning\/wp-json\/wp\/v2\/pages\/15","targetHints":{"allow":["GET"]}}],"collection":[{"href":"https:\/\/www.zitos.sk\/karavaning\/wp-json\/wp\/v2\/pages"}],"about":[{"href":"https:\/\/www.zitos.sk\/karavaning\/wp-json\/wp\/v2\/types\/page"}],"author":[{"embeddable":true,"href":"https:\/\/www.zitos.sk\/karavaning\/wp-json\/wp\/v2\/users\/1"}],"replies":[{"embeddable":true,"href":"https:\/\/www.zitos.sk\/karavaning\/wp-json\/wp\/v2\/comments?post=15"}],"version-history":[{"count":53,"href":"https:\/\/www.zitos.sk\/karavaning\/wp-json\/wp\/v2\/pages\/15\/revisions"}],"predecessor-version":[{"id":1704,"href":"https:\/\/www.zitos.sk\/karavaning\/wp-json\/wp\/v2\/pages\/15\/revisions\/1704"}],"wp:attachment":[{"href":"https:\/\/www.zitos.sk\/karavaning\/wp-json\/wp\/v2\/media?parent=15"}],"curies":[{"name":"wp","href":"https:\/\/api.w.org\/{rel}","templated":true}]}}