{"id":19,"date":"2011-02-03T18:11:24","date_gmt":"2011-02-03T18:11:24","guid":{"rendered":"http:\/\/www.zitos.sk\/karavaning\/?page_id=19"},"modified":"2011-02-15T20:46:03","modified_gmt":"2011-02-15T19:46:03","slug":"2004-2","status":"publish","type":"page","link":"https:\/\/www.zitos.sk\/karavaning\/navstivene-miesta\/2004-2","title":{"rendered":"2004 Prv\u00fd v\u00fdlet do Polska na ISDE"},"content":{"rendered":"<p style=\"text-align: center;\">\n<p style=\"text-align: center;\">Prv\u00e9 sk\u00fasenosti s karavaningom sa za\u010dali v septembri, kedy sme sa vydali na <a href=\"http:\/\/en.wikipedia.org\/wiki\/International_Six_Days_Enduro\" target=\"_blank\">ISDE<\/a> medzin\u00e1rodn\u00fa\u00a0\u0161es\u0165d\u0148ov\u00fa motocyklov\u00fa s\u00fa\u0165a\u017e do <a href=\"http:\/\/maps.google.com\/maps?f=q&amp;source=s_q&amp;hl=sk&amp;geocode=&amp;q=Kielce,+Po%C4%BEsko&amp;aq=0&amp;sll=71.167778,25.8025&amp;sspn=0.174659,0.617294&amp;g=North+Cape,+N%C3%B3rsko&amp;ie=UTF8&amp;hq=&amp;hnear=Kielce,+Sv%C3%A4tokr%C3%AD%C5%BEske+vojvodstvo,+Po%C4%BEsko&amp;ll=50.866645,20.629578&amp;spn=1.36597,2.469177&amp;z=9\" target=\"_blank\">Kielce<\/a> v Po\u013esku.<\/p>\n<p style=\"text-align: center;\"><a href=\"http:\/\/maps.google.com\/maps?f=d&amp;source=s_d&amp;saddr=Trnava,+Slovensk%C3%A1+republika&amp;daddr=E75+to:%C5%BBywiecka+to:Krakowska+to:Czarnowska+to:Aleja+29+Listopada+to:Jana+Kasprowicza+to:Trnava&amp;hl=sk&amp;geocode=FQ8f4gId6XoMASnNyj3mYqBsRzGw-pbG0fcABA%3BFexL8gIdGOEeAQ%3BFQww-AId6sQiAQ%3BFXwqCwMdpq0oAQ%3BFchKCAMddrc6AQ%3BFSZY_AIdoJIwAQ%3BFWho8AId7rIwAQ%3BFQ8f4gId6XoMASnNyj3mYqBsRzGw-pbG0fcABA&amp;mra=ls&amp;sll=48.57479,19.165649&amp;sspn=2.864076,4.938354&amp;ie=UTF8&amp;ll=50.071244,19.775391&amp;spn=5.557433,14.0625&amp;z=7\"><img loading=\"lazy\" decoding=\"async\" class=\"aligncenter size-full wp-image-978\" title=\"ISDE Kielce Poland 2004\" src=\"http:\/\/www.zitos.sk\/karavaning\/wp-content\/uploads\/2011\/02\/kiel.png\" alt=\"\" width=\"1125\" height=\"767\" srcset=\"https:\/\/www.zitos.sk\/karavaning\/wp-content\/uploads\/2011\/02\/kiel.png 1125w, https:\/\/www.zitos.sk\/karavaning\/wp-content\/uploads\/2011\/02\/kiel-300x204.png 300w, https:\/\/www.zitos.sk\/karavaning\/wp-content\/uploads\/2011\/02\/kiel-1024x698.png 1024w\" sizes=\"auto, (max-width: 1125px) 100vw, 1125px\" \/><\/a><\/p>\n<p style=\"text-align: left;\">\n<p><div id='gallery-1' class='gallery galleryid-19 gallery-columns-3 gallery-size-thumbnail'><dl class='gallery-item'>\n\t\t\t<dt class='gallery-icon landscape'>\n\t\t\t\t<a href='https:\/\/www.zitos.sk\/karavaning\/wp-content\/uploads\/2011\/02\/PICT2086.jpg'><img loading=\"lazy\" decoding=\"async\" width=\"150\" height=\"150\" src=\"https:\/\/www.zitos.sk\/karavaning\/wp-content\/uploads\/2011\/02\/PICT2086-150x150.jpg\" class=\"attachment-thumbnail size-thumbnail\" alt=\"\" aria-describedby=\"gallery-1-63\" \/><\/a>\n\t\t\t<\/dt>\n\t\t\t\t<dd class='wp-caption-text gallery-caption' id='gallery-1-63'>\n\t\t\t\tPark ferm\u00e9\n\t\t\t\t<\/dd><\/dl><dl class='gallery-item'>\n\t\t\t<dt class='gallery-icon landscape'>\n\t\t\t\t<a href='https:\/\/www.zitos.sk\/karavaning\/wp-content\/uploads\/2011\/02\/pict2112.jpg'><img loading=\"lazy\" decoding=\"async\" width=\"150\" height=\"150\" src=\"https:\/\/www.zitos.sk\/karavaning\/wp-content\/uploads\/2011\/02\/pict2112-150x150.jpg\" class=\"attachment-thumbnail size-thumbnail\" alt=\"\" aria-describedby=\"gallery-1-32\" \/><\/a>\n\t\t\t<\/dt>\n\t\t\t\t<dd class='wp-caption-text gallery-caption' id='gallery-1-32'>\n\t\t\t\tNa \u0161tarte do \u010fal\u0161ej etapy\n\t\t\t\t<\/dd><\/dl><dl class='gallery-item'>\n\t\t\t<dt class='gallery-icon landscape'>\n\t\t\t\t<a href='https:\/\/www.zitos.sk\/karavaning\/wp-content\/uploads\/2011\/02\/PICT2117.jpg'><img loading=\"lazy\" decoding=\"async\" width=\"150\" height=\"150\" src=\"https:\/\/www.zitos.sk\/karavaning\/wp-content\/uploads\/2011\/02\/PICT2117-150x150.jpg\" class=\"attachment-thumbnail size-thumbnail\" alt=\"\" aria-describedby=\"gallery-1-64\" \/><\/a>\n\t\t\t<\/dt>\n\t\t\t\t<dd class='wp-caption-text gallery-caption' id='gallery-1-64'>\n\t\t\t\tDiv\u00e1ci zo Slovenska\n\t\t\t\t<\/dd><\/dl><br style=\"clear: both\" \/><dl class='gallery-item'>\n\t\t\t<dt class='gallery-icon landscape'>\n\t\t\t\t<a href='https:\/\/www.zitos.sk\/karavaning\/wp-content\/uploads\/2011\/02\/PICT2107.jpg'><img loading=\"lazy\" decoding=\"async\" width=\"150\" height=\"150\" src=\"https:\/\/www.zitos.sk\/karavaning\/wp-content\/uploads\/2011\/02\/PICT2107-150x150.jpg\" class=\"attachment-thumbnail size-thumbnail\" alt=\"\" aria-describedby=\"gallery-1-31\" \/><\/a>\n\t\t\t<\/dt>\n\t\t\t\t<dd class='wp-caption-text gallery-caption' id='gallery-1-31'>\n\t\t\t\tV kempe pre n\u00e1v\u0161tevn\u00edkov ISDE\n\t\t\t\t<\/dd><\/dl><dl class='gallery-item'>\n\t\t\t<dt class='gallery-icon landscape'>\n\t\t\t\t<a href='https:\/\/www.zitos.sk\/karavaning\/wp-content\/uploads\/2011\/02\/PICT2062.jpg'><img loading=\"lazy\" decoding=\"async\" width=\"150\" height=\"150\" src=\"https:\/\/www.zitos.sk\/karavaning\/wp-content\/uploads\/2011\/02\/PICT2062-150x150.jpg\" class=\"attachment-thumbnail size-thumbnail\" alt=\"Na\u0161a najmlad\u0161ia cestovate\u013eka nesmela ch\u00fdba\u0165 na \u017eiadnej ceste\" aria-describedby=\"gallery-1-30\" \/><\/a>\n\t\t\t<\/dt>\n\t\t\t\t<dd class='wp-caption-text gallery-caption' id='gallery-1-30'>\n\t\t\t\tNa\u0161a najmlad\u0161ia cestovate\u013eka nesmela ch\u00fdba\u0165 na \u017eiadnej ceste\n\t\t\t\t<\/dd><\/dl><dl class='gallery-item'>\n\t\t\t<dt class='gallery-icon landscape'>\n\t\t\t\t<a href='https:\/\/www.zitos.sk\/karavaning\/wp-content\/uploads\/2011\/02\/PICT0020.jpg'><img loading=\"lazy\" decoding=\"async\" width=\"150\" height=\"150\" src=\"https:\/\/www.zitos.sk\/karavaning\/wp-content\/uploads\/2011\/02\/PICT0020-150x150.jpg\" class=\"attachment-thumbnail size-thumbnail\" alt=\"\" aria-describedby=\"gallery-1-29\" \/><\/a>\n\t\t\t<\/dt>\n\t\t\t\t<dd class='wp-caption-text gallery-caption' id='gallery-1-29'>\n\t\t\t\tU priate\u013eov v Radomsku\n\t\t\t\t<\/dd><\/dl><br style=\"clear: both\" \/><dl class='gallery-item'>\n\t\t\t<dt class='gallery-icon landscape'>\n\t\t\t\t<a href='https:\/\/www.zitos.sk\/karavaning\/wp-content\/uploads\/2011\/02\/kiel.png'><img loading=\"lazy\" decoding=\"async\" width=\"150\" height=\"150\" src=\"https:\/\/www.zitos.sk\/karavaning\/wp-content\/uploads\/2011\/02\/kiel-150x150.png\" class=\"attachment-thumbnail size-thumbnail\" alt=\"\" \/><\/a>\n\t\t\t<\/dt><\/dl>\n\t\t\t<br style='clear: both' \/>\n\t\t<\/div>\n<\/p>\n","protected":false},"excerpt":{"rendered":"<p>Prv\u00e9 sk\u00fasenosti s karavaningom sa za\u010dali v septembri, kedy sme sa vydali na ISDE medzin\u00e1rodn\u00fa\u00a0\u0161es\u0165d\u0148ov\u00fa motocyklov\u00fa s\u00fa\u0165a\u017e do Kielce v Po\u013esku.<\/p>\n","protected":false},"author":1,"featured_media":0,"parent":15,"menu_order":0,"comment_status":"closed","ping_status":"closed","template":"","meta":{"footnotes":""},"class_list":["post-19","page","type-page","status-publish","hentry"],"_links":{"self":[{"href":"https:\/\/www.zitos.sk\/karavaning\/wp-json\/wp\/v2\/pages\/19","targetHints":{"allow":["GET"]}}],"collection":[{"href":"https:\/\/www.zitos.sk\/karavaning\/wp-json\/wp\/v2\/pages"}],"about":[{"href":"https:\/\/www.zitos.sk\/karavaning\/wp-json\/wp\/v2\/types\/page"}],"author":[{"embeddable":true,"href":"https:\/\/www.zitos.sk\/karavaning\/wp-json\/wp\/v2\/users\/1"}],"replies":[{"embeddable":true,"href":"https:\/\/www.zitos.sk\/karavaning\/wp-json\/wp\/v2\/comments?post=19"}],"version-history":[{"count":29,"href":"https:\/\/www.zitos.sk\/karavaning\/wp-json\/wp\/v2\/pages\/19\/revisions"}],"predecessor-version":[{"id":980,"href":"https:\/\/www.zitos.sk\/karavaning\/wp-json\/wp\/v2\/pages\/19\/revisions\/980"}],"up":[{"embeddable":true,"href":"https:\/\/www.zitos.sk\/karavaning\/wp-json\/wp\/v2\/pages\/15"}],"wp:attachment":[{"href":"https:\/\/www.zitos.sk\/karavaning\/wp-json\/wp\/v2\/media?parent=19"}],"curies":[{"name":"wp","href":"https:\/\/api.w.org\/{rel}","templated":true}]}}