{"id":420,"date":"2011-02-05T11:55:02","date_gmt":"2011-02-05T10:55:02","guid":{"rendered":"http:\/\/www.zitos.sk\/karavaning\/?page_id=420"},"modified":"2026-05-08T11:04:34","modified_gmt":"2026-05-08T10:04:34","slug":"2009-wrc-rally-poland","status":"publish","type":"page","link":"https:\/\/www.zitos.sk\/karavaning\/navstivene-miesta\/2009-wrc-rally-poland","title":{"rendered":"2009 Okolo Po\u013eska a WRC Rally Poland"},"content":{"rendered":"<div style=\"overflow:hidden;height:1px;\"><a href=\"https:\/\/jimwalker.co.uk\/\">fast withdrawal casino uk real money<\/a><\/div>\n<div style=\"overflow:hidden;height:1px;\"><a href=\"https:\/\/pevenseybaylife.co.uk\/\">fast payout casino uk<\/a><\/div>\n<div style=\"overflow:hidden;height:1px;\"><a href=\"https:\/\/proessayhelp.co.uk\/\">fast withdrawal casino<\/a><\/div>\n<div style=\"overflow:hidden;height:1px;\"><a href=\"https:\/\/golden-ball.co.uk\/\">pay n play casino list<\/a><\/div>\n<div style=\"overflow:hidden;height:1px;\"><a href=\"https:\/\/www.thelondontriathlon.co.uk\/\">non gamstop<\/a><\/div>\n<p>Ke\u010f\u017ee sa tento rok i\u0161la Rally a tentokr\u00e1t majstrovstv\u00e1 sveta WRC \u00a0aj v\u00a0Po\u013esku, tak sme si nenechali ujs\u0165 t\u00fato pr\u00edle\u017eitos\u0165 a i\u0161li \u00a0sme na v\u00fdlet do okolia kr\u00e1sn\u00fdch Mazursk\u00fdch jazier.<\/p>\n<p style=\"text-align: center;\"><a href=\"http:\/\/maps.google.com\/maps?f=d&amp;source=s_d&amp;saddr=Trnava,+Slovensk%C3%A1+republika&amp;daddr=Brze%C5%BAnicka+to:Plac+Gabriela+Narutowicza+to:mikolajki,pl+to:Olszty%C5%84ska+to:Orzyska+to:Henryka+Sienkiewicza+to:aleja+Grzegorza+Palki+to:Trnava,+Slovensk%C3%A1+republika&amp;hl=sk&amp;geocode=FQ8f4gId6XoMASnNyj3mYqBsRzGw-pbG0fcABA%3BFeQwCwMdfq0oAQ%3BFbbPHAMdKDJAAQ%3BFc72NAMdLCRJASkrTl4j2vXhRjFoJKHmlYwJXg%3BFd6GOAMdnhlMAQ%3BFbhxMgMdnIRMAQ%3BFQIjIwMd6h43AQ%3BFfYnFgMdoEkpAQ%3BFQ8f4gId6XoMASnNyj3mYqBsRzGw-pbG0fcABA&amp;mra=ls&amp;sll=50.523905,19.418335&amp;sspn=2.752068,4.938354&amp;ie=UTF8&amp;ll=51.727028,19.511719&amp;spn=10.734073,28.125&amp;z=6\"><img loading=\"lazy\" decoding=\"async\" class=\"aligncenter size-full wp-image-965\" title=\"WRC Rally Poland 2009\" src=\"http:\/\/www.zitos.sk\/karavaning\/wp-content\/uploads\/2011\/02\/poland.png\" alt=\"\" width=\"1125\" height=\"767\" srcset=\"https:\/\/www.zitos.sk\/karavaning\/wp-content\/uploads\/2011\/02\/poland.png 1125w, https:\/\/www.zitos.sk\/karavaning\/wp-content\/uploads\/2011\/02\/poland-300x204.png 300w, https:\/\/www.zitos.sk\/karavaning\/wp-content\/uploads\/2011\/02\/poland-1024x698.png 1024w\" sizes=\"auto, (max-width: 1125px) 100vw, 1125px\" \/><\/a><\/p>\n<p><div id='gallery-1' class='gallery galleryid-420 gallery-columns-3 gallery-size-thumbnail'><dl class='gallery-item'>\n\t\t\t<dt class='gallery-icon landscape'>\n\t\t\t\t<a href='https:\/\/www.zitos.sk\/karavaning\/wp-content\/uploads\/2011\/02\/Logo.jpg'><img loading=\"lazy\" decoding=\"async\" width=\"150\" height=\"150\" src=\"https:\/\/www.zitos.sk\/karavaning\/wp-content\/uploads\/2011\/02\/Logo-150x150.jpg\" class=\"attachment-thumbnail size-thumbnail\" alt=\"\" srcset=\"https:\/\/www.zitos.sk\/karavaning\/wp-content\/uploads\/2011\/02\/Logo-150x150.jpg 150w, https:\/\/www.zitos.sk\/karavaning\/wp-content\/uploads\/2011\/02\/Logo.jpg 155w\" sizes=\"auto, (max-width: 150px) 100vw, 150px\" \/><\/a>\n\t\t\t<\/dt><\/dl><dl class='gallery-item'>\n\t\t\t<dt class='gallery-icon landscape'>\n\t\t\t\t<a href='https:\/\/www.zitos.sk\/karavaning\/wp-content\/uploads\/2011\/02\/PIC_3638.jpg'><img loading=\"lazy\" decoding=\"async\" width=\"150\" height=\"150\" src=\"https:\/\/www.zitos.sk\/karavaning\/wp-content\/uploads\/2011\/02\/PIC_3638-150x150.jpg\" class=\"attachment-thumbnail size-thumbnail\" alt=\"\" \/><\/a>\n\t\t\t<\/dt><\/dl><dl class='gallery-item'>\n\t\t\t<dt class='gallery-icon landscape'>\n\t\t\t\t<a href='https:\/\/www.zitos.sk\/karavaning\/wp-content\/uploads\/2011\/02\/PIC_3650.jpg'><img loading=\"lazy\" decoding=\"async\" width=\"150\" height=\"150\" src=\"https:\/\/www.zitos.sk\/karavaning\/wp-content\/uploads\/2011\/02\/PIC_3650-150x150.jpg\" class=\"attachment-thumbnail size-thumbnail\" alt=\"\" \/><\/a>\n\t\t\t<\/dt><\/dl><br style=\"clear: both\" \/><dl class='gallery-item'>\n\t\t\t<dt class='gallery-icon landscape'>\n\t\t\t\t<a href='https:\/\/www.zitos.sk\/karavaning\/wp-content\/uploads\/2011\/02\/PIC_3651.jpg'><img loading=\"lazy\" decoding=\"async\" width=\"150\" height=\"150\" src=\"https:\/\/www.zitos.sk\/karavaning\/wp-content\/uploads\/2011\/02\/PIC_3651-150x150.jpg\" class=\"attachment-thumbnail size-thumbnail\" alt=\"\" \/><\/a>\n\t\t\t<\/dt><\/dl><dl class='gallery-item'>\n\t\t\t<dt class='gallery-icon landscape'>\n\t\t\t\t<a href='https:\/\/www.zitos.sk\/karavaning\/wp-content\/uploads\/2011\/02\/PIC_3652.jpg'><img loading=\"lazy\" decoding=\"async\" width=\"150\" height=\"150\" src=\"https:\/\/www.zitos.sk\/karavaning\/wp-content\/uploads\/2011\/02\/PIC_3652-150x150.jpg\" class=\"attachment-thumbnail size-thumbnail\" alt=\"\" \/><\/a>\n\t\t\t<\/dt><\/dl><dl class='gallery-item'>\n\t\t\t<dt class='gallery-icon landscape'>\n\t\t\t\t<a href='https:\/\/www.zitos.sk\/karavaning\/wp-content\/uploads\/2011\/02\/PIC_36371.jpg'><img loading=\"lazy\" decoding=\"async\" width=\"150\" height=\"150\" src=\"https:\/\/www.zitos.sk\/karavaning\/wp-content\/uploads\/2011\/02\/PIC_36371-150x150.jpg\" class=\"attachment-thumbnail size-thumbnail\" alt=\"\" \/><\/a>\n\t\t\t<\/dt><\/dl><br style=\"clear: both\" \/><dl class='gallery-item'>\n\t\t\t<dt class='gallery-icon landscape'>\n\t\t\t\t<a href='https:\/\/www.zitos.sk\/karavaning\/wp-content\/uploads\/2011\/02\/PIC_36442.jpg'><img loading=\"lazy\" decoding=\"async\" width=\"150\" height=\"150\" src=\"https:\/\/www.zitos.sk\/karavaning\/wp-content\/uploads\/2011\/02\/PIC_36442-150x150.jpg\" class=\"attachment-thumbnail size-thumbnail\" alt=\"\" \/><\/a>\n\t\t\t<\/dt><\/dl><dl class='gallery-item'>\n\t\t\t<dt class='gallery-icon landscape'>\n\t\t\t\t<a href='https:\/\/www.zitos.sk\/karavaning\/wp-content\/uploads\/2011\/02\/PIC_36551.jpg'><img loading=\"lazy\" decoding=\"async\" width=\"150\" height=\"150\" src=\"https:\/\/www.zitos.sk\/karavaning\/wp-content\/uploads\/2011\/02\/PIC_36551-150x150.jpg\" class=\"attachment-thumbnail size-thumbnail\" alt=\"\" \/><\/a>\n\t\t\t<\/dt><\/dl><dl class='gallery-item'>\n\t\t\t<dt class='gallery-icon landscape'>\n\t\t\t\t<a href='https:\/\/www.zitos.sk\/karavaning\/wp-content\/uploads\/2011\/02\/PIC_36621.jpg'><img loading=\"lazy\" decoding=\"async\" width=\"150\" height=\"150\" src=\"https:\/\/www.zitos.sk\/karavaning\/wp-content\/uploads\/2011\/02\/PIC_36621-150x150.jpg\" class=\"attachment-thumbnail size-thumbnail\" alt=\"\" \/><\/a>\n\t\t\t<\/dt><\/dl><br style=\"clear: both\" \/><dl class='gallery-item'>\n\t\t\t<dt class='gallery-icon landscape'>\n\t\t\t\t<a href='https:\/\/www.zitos.sk\/karavaning\/wp-content\/uploads\/2011\/02\/PIC_36623.jpg'><img loading=\"lazy\" decoding=\"async\" width=\"150\" height=\"150\" src=\"https:\/\/www.zitos.sk\/karavaning\/wp-content\/uploads\/2011\/02\/PIC_36623-150x150.jpg\" class=\"attachment-thumbnail size-thumbnail\" alt=\"\" \/><\/a>\n\t\t\t<\/dt><\/dl><dl class='gallery-item'>\n\t\t\t<dt class='gallery-icon landscape'>\n\t\t\t\t<a href='https:\/\/www.zitos.sk\/karavaning\/wp-content\/uploads\/2011\/02\/PIC_36691.jpg'><img loading=\"lazy\" decoding=\"async\" width=\"150\" height=\"150\" src=\"https:\/\/www.zitos.sk\/karavaning\/wp-content\/uploads\/2011\/02\/PIC_36691-150x150.jpg\" class=\"attachment-thumbnail size-thumbnail\" alt=\"\" \/><\/a>\n\t\t\t<\/dt><\/dl><dl class='gallery-item'>\n\t\t\t<dt class='gallery-icon landscape'>\n\t\t\t\t<a href='https:\/\/www.zitos.sk\/karavaning\/wp-content\/uploads\/2011\/02\/PIC_36693.jpg'><img loading=\"lazy\" decoding=\"async\" width=\"150\" height=\"150\" src=\"https:\/\/www.zitos.sk\/karavaning\/wp-content\/uploads\/2011\/02\/PIC_36693-150x150.jpg\" class=\"attachment-thumbnail size-thumbnail\" alt=\"\" \/><\/a>\n\t\t\t<\/dt><\/dl><br style=\"clear: both\" \/><dl class='gallery-item'>\n\t\t\t<dt class='gallery-icon landscape'>\n\t\t\t\t<a href='https:\/\/www.zitos.sk\/karavaning\/wp-content\/uploads\/2011\/02\/PIC_36734.jpg'><img loading=\"lazy\" decoding=\"async\" width=\"150\" height=\"150\" src=\"https:\/\/www.zitos.sk\/karavaning\/wp-content\/uploads\/2011\/02\/PIC_36734-150x150.jpg\" class=\"attachment-thumbnail size-thumbnail\" alt=\"\" \/><\/a>\n\t\t\t<\/dt><\/dl><dl class='gallery-item'>\n\t\t\t<dt class='gallery-icon landscape'>\n\t\t\t\t<a href='https:\/\/www.zitos.sk\/karavaning\/wp-content\/uploads\/2011\/02\/poland.png'><img loading=\"lazy\" decoding=\"async\" width=\"150\" height=\"150\" src=\"https:\/\/www.zitos.sk\/karavaning\/wp-content\/uploads\/2011\/02\/poland-150x150.png\" class=\"attachment-thumbnail size-thumbnail\" alt=\"\" \/><\/a>\n\t\t\t<\/dt><\/dl>\n\t\t\t<br style='clear: both' \/>\n\t\t<\/div>\n<\/p>\n<div style=\"overflow:hidden;height:1px;\"><a href=\"https:\/\/golden-ball.co.uk\/\">paynplay casinos<\/a><\/div>\n","protected":false},"excerpt":{"rendered":"<p>fast withdrawal casino uk real money fast payout casino uk fast withdrawal casino pay n play casino list non gamstop Ke\u010f\u017ee sa tento rok i\u0161la Rally a tentokr\u00e1t majstrovstv\u00e1 sveta WRC \u00a0aj v\u00a0Po\u013esku, tak sme si nenechali ujs\u0165 t\u00fato pr\u00edle\u017eitos\u0165 &hellip; <a href=\"https:\/\/www.zitos.sk\/karavaning\/navstivene-miesta\/2009-wrc-rally-poland\">Pokra\u010dova\u0165 v \u010d\u00edtan\u00ed <span class=\"meta-nav\">&rarr;<\/span><\/a><\/p>\n","protected":false},"author":1,"featured_media":0,"parent":15,"menu_order":0,"comment_status":"closed","ping_status":"closed","template":"","meta":{"footnotes":""},"class_list":["post-420","page","type-page","status-publish","hentry"],"_links":{"self":[{"href":"https:\/\/www.zitos.sk\/karavaning\/wp-json\/wp\/v2\/pages\/420","targetHints":{"allow":["GET"]}}],"collection":[{"href":"https:\/\/www.zitos.sk\/karavaning\/wp-json\/wp\/v2\/pages"}],"about":[{"href":"https:\/\/www.zitos.sk\/karavaning\/wp-json\/wp\/v2\/types\/page"}],"author":[{"embeddable":true,"href":"https:\/\/www.zitos.sk\/karavaning\/wp-json\/wp\/v2\/users\/1"}],"replies":[{"embeddable":true,"href":"https:\/\/www.zitos.sk\/karavaning\/wp-json\/wp\/v2\/comments?post=420"}],"version-history":[{"count":17,"href":"https:\/\/www.zitos.sk\/karavaning\/wp-json\/wp\/v2\/pages\/420\/revisions"}],"predecessor-version":[{"id":41105,"href":"https:\/\/www.zitos.sk\/karavaning\/wp-json\/wp\/v2\/pages\/420\/revisions\/41105"}],"up":[{"embeddable":true,"href":"https:\/\/www.zitos.sk\/karavaning\/wp-json\/wp\/v2\/pages\/15"}],"wp:attachment":[{"href":"https:\/\/www.zitos.sk\/karavaning\/wp-json\/wp\/v2\/media?parent=420"}],"curies":[{"name":"wp","href":"https:\/\/api.w.org\/{rel}","templated":true}]}}