{"id":527,"date":"2011-02-05T13:21:44","date_gmt":"2011-02-05T12:21:44","guid":{"rendered":"http:\/\/www.zitos.sk\/karavaning\/?page_id=527"},"modified":"2026-05-08T16:45:22","modified_gmt":"2026-05-08T15:45:22","slug":"2010-wrc-rally-bulgaria","status":"publish","type":"page","link":"https:\/\/www.zitos.sk\/karavaning\/navstivene-miesta\/2010-wrc-rally-bulgaria","title":{"rendered":"2010 WRC Rally Bulgaria"},"content":{"rendered":"<div style=\"overflow:hidden;height:1px;\"><a href=\"https:\/\/lgbtqalms.co.uk\/\">under 1 hour withdrawal casino uk<\/a><\/div>\n<div style=\"overflow:hidden;height:1px;\"><a href=\"https:\/\/golden-ball.co.uk\/\">pay n play casinos<\/a><\/div>\n<p>Tento rok sme stihly e\u0161te jednu rally v kr\u00e1snom horskom prostred\u00ed\u00a0<a href=\"http:\/\/maps.google.com\/maps?f=q&amp;source=s_q&amp;hl=sk&amp;geocode=&amp;q=Kostenets,+Bulharsko&amp;aq=0&amp;sll=42.315909,23.859558&amp;sspn=0.190909,0.308647&amp;ie=UTF8&amp;hq=&amp;hnear=Kostenets,+Sofia,+Bulharsko&amp;ll=42.307784,23.858185&amp;spn=0.763733,1.234589&amp;z=10\" target=\"_blank\" rel=\"noopener\">Rodopa<\/a>, ke\u010f\u017ee z dejiska rally nebolo \u010faleko k moru do Gr\u00e9cka, tak sme to vyu\u017eili a odsko\u010dili si, nako\u013eko to bolo len 300km. A oplatilo sa.<\/p>\n<p style=\"text-align: center;\"><a href=\"http:\/\/maps.google.com\/maps?f=d&amp;source=s_d&amp;saddr=Trnava,+Slovensk%C3%A1+republika&amp;daddr=48.03244,17.94715+to:Gy%C5%91ri+%C3%BAt+to:E75+to:E70+to:bul.+Akad.+Ivan+Evstatiev+Geshov%2F%D0%B1%D1%83%D0%BB.+%D0%90%D0%BA%D0%B0%D0%B4.+%D0%98%D0%B2%D0%B0%D0%BD+%D0%95%D0%B2%D1%81%D1%82%D0%B0%D1%82%D0%B8%D0%B5%D0%B2+%D0%93%D0%B5%D1%88%D0%BE%D0%B2+to:Cesta+8002%2FCesta+8222+to:Cesta+8+to:Cesta+842+to:42.1414391,23.6721988+to:42.20184,23.55112+to:42.2294658,23.5466517+to:Cesta+82+to:ul.+Samokovsko+shose%2F%D1%83%D0%BB.+%D0%A1%D0%B0%D0%BC%D0%BE%D0%BA%D0%BE%D0%B2%D1%81%D0%BA%D0%BE+%D1%88%D0%BE%D1%81%D0%B5%2FCesta+62+to:Efxeinou+Pontou%2F%CE%95%CF%8D%CE%BE%CE%B5%CE%B9%CE%BD%CE%BF%CF%85+%CE%A0%CF%8C%CE%BD%CF%84%CE%BF%CF%85%2FCesta+12+to:Tenedou%2F%CE%A4%CE%B5%CE%BD%CE%AD%CE%B4%CE%BF%CF%85+to:Thessalonikis-Kavalas%2F%CE%98%CE%B5%CF%83%CF%83%CE%B1%CE%BB%CE%BF%CE%BD%CE%AF%CE%BA%CE%B7%CF%82-%CE%9A%CE%B1%CE%B2%CE%AC%CE%BB%CE%B1%CF%82+to:Egnatia+Odos%2F%CE%95%CE%B3%CE%BD%CE%B1%CF%84%CE%AF%CE%B1+%CE%9F%CE%B4%CF%8C%CF%82%2FA2%2FE90+to:Trnava,+Slovensk%C3%A1+republika&amp;hl=sk&amp;geocode=FQ8f4gId6XoMASnNyj3mYqBsRzGw-pbG0fcABA%3BFbjq3AIdDtoRASmZu-M0BgxrRzEw5a2y0fcAEw%3BFVAn1gId8KUYAQ%3BFUbnwAIdmDoxAQ%3BFX6XqwIdSPw3AQ%3BFSBSiwIdZopjAQ%3BFcy_hQId7BRsAQ%3BFV4lhAIdMnxuAQ%3BFe3dgQIdSgNsAQ%3BFf8GgwIdhjVpASm9iqS-OBSrFDHxg4IxEqAAEw%3BFfDygwIdkFxnASnXBdtMDBirFDHwhoUxEqAAEw%3BFdlehAIdG0tnASnXBdtMDBirFDHwhoUxEqAAEw%3BFaIIhQIdHGFoAQ%3BFYobhQId3vZgAQ%3BFZLycwIdsB9wAQ%3BFQ6YcAIdYjd0AQ%3BFWhfbQIdcnxvAQ%3BFdIJbQIdcDBeAQ%3BFQ8f4gId6XoMASnNyj3mYqBsRzGw-pbG0fcABA&amp;mra=ls&amp;via=1,9,10,11&amp;sll=41.062786,22.552185&amp;sspn=1.631853,2.469177&amp;ie=UTF8&amp;ll=44.418088,21.708984&amp;spn=12.365765,28.125&amp;z=6\" target=\"_blank\" rel=\"noopener\"><img loading=\"lazy\" decoding=\"async\" class=\"aligncenter size-full wp-image-973\" title=\"WRC Rally Bulgaria 2010\" src=\"http:\/\/www.zitos.sk\/karavaning\/wp-content\/uploads\/2011\/02\/bulg.png\" alt=\"\" width=\"1125\" height=\"767\" srcset=\"https:\/\/www.zitos.sk\/karavaning\/wp-content\/uploads\/2011\/02\/bulg.png 1125w, https:\/\/www.zitos.sk\/karavaning\/wp-content\/uploads\/2011\/02\/bulg-300x204.png 300w, https:\/\/www.zitos.sk\/karavaning\/wp-content\/uploads\/2011\/02\/bulg-1024x698.png 1024w\" sizes=\"auto, (max-width: 1125px) 100vw, 1125px\" \/><\/a><\/p>\n<p><div id='gallery-1' class='gallery galleryid-527 gallery-columns-3 gallery-size-thumbnail'><dl class='gallery-item'>\n\t\t\t<dt class='gallery-icon landscape'>\n\t\t\t\t<a href='https:\/\/www.zitos.sk\/karavaning\/wp-content\/uploads\/2011\/02\/bulg.png'><img loading=\"lazy\" decoding=\"async\" width=\"150\" height=\"150\" src=\"https:\/\/www.zitos.sk\/karavaning\/wp-content\/uploads\/2011\/02\/bulg-150x150.png\" class=\"attachment-thumbnail size-thumbnail\" alt=\"\" \/><\/a>\n\t\t\t<\/dt><\/dl><dl class='gallery-item'>\n\t\t\t<dt class='gallery-icon landscape'>\n\t\t\t\t<a href='https:\/\/www.zitos.sk\/karavaning\/wp-content\/uploads\/2011\/02\/IMAG0962.jpg'><img loading=\"lazy\" decoding=\"async\" width=\"150\" height=\"150\" src=\"https:\/\/www.zitos.sk\/karavaning\/wp-content\/uploads\/2011\/02\/IMAG0962-150x150.jpg\" class=\"attachment-thumbnail size-thumbnail\" alt=\"\" \/><\/a>\n\t\t\t<\/dt><\/dl><dl class='gallery-item'>\n\t\t\t<dt class='gallery-icon landscape'>\n\t\t\t\t<a href='https:\/\/www.zitos.sk\/karavaning\/wp-content\/uploads\/2011\/02\/PIC_0129.jpg'><img loading=\"lazy\" decoding=\"async\" width=\"150\" height=\"150\" src=\"https:\/\/www.zitos.sk\/karavaning\/wp-content\/uploads\/2011\/02\/PIC_0129-150x150.jpg\" class=\"attachment-thumbnail size-thumbnail\" alt=\"\" \/><\/a>\n\t\t\t<\/dt><\/dl><br style=\"clear: both\" \/><dl class='gallery-item'>\n\t\t\t<dt class='gallery-icon landscape'>\n\t\t\t\t<a href='https:\/\/www.zitos.sk\/karavaning\/wp-content\/uploads\/2011\/02\/PIC_0202.jpg'><img loading=\"lazy\" decoding=\"async\" width=\"150\" height=\"150\" src=\"https:\/\/www.zitos.sk\/karavaning\/wp-content\/uploads\/2011\/02\/PIC_0202-150x150.jpg\" class=\"attachment-thumbnail size-thumbnail\" alt=\"\" \/><\/a>\n\t\t\t<\/dt><\/dl><dl class='gallery-item'>\n\t\t\t<dt class='gallery-icon landscape'>\n\t\t\t\t<a href='https:\/\/www.zitos.sk\/karavaning\/wp-content\/uploads\/2011\/02\/IMAG1007.jpg'><img loading=\"lazy\" decoding=\"async\" width=\"150\" height=\"150\" src=\"https:\/\/www.zitos.sk\/karavaning\/wp-content\/uploads\/2011\/02\/IMAG1007-150x150.jpg\" class=\"attachment-thumbnail size-thumbnail\" alt=\"\" \/><\/a>\n\t\t\t<\/dt><\/dl><dl class='gallery-item'>\n\t\t\t<dt class='gallery-icon landscape'>\n\t\t\t\t<a href='https:\/\/www.zitos.sk\/karavaning\/wp-content\/uploads\/2011\/02\/IMAG1031.jpg'><img loading=\"lazy\" decoding=\"async\" width=\"150\" height=\"150\" src=\"https:\/\/www.zitos.sk\/karavaning\/wp-content\/uploads\/2011\/02\/IMAG1031-150x150.jpg\" class=\"attachment-thumbnail size-thumbnail\" alt=\"\" \/><\/a>\n\t\t\t<\/dt><\/dl><br style=\"clear: both\" \/><dl class='gallery-item'>\n\t\t\t<dt class='gallery-icon landscape'>\n\t\t\t\t<a href='https:\/\/www.zitos.sk\/karavaning\/wp-content\/uploads\/2011\/02\/IMAG1056.jpg'><img loading=\"lazy\" decoding=\"async\" width=\"150\" height=\"150\" src=\"https:\/\/www.zitos.sk\/karavaning\/wp-content\/uploads\/2011\/02\/IMAG1056-150x150.jpg\" class=\"attachment-thumbnail size-thumbnail\" alt=\"\" \/><\/a>\n\t\t\t<\/dt><\/dl><dl class='gallery-item'>\n\t\t\t<dt class='gallery-icon landscape'>\n\t\t\t\t<a href='https:\/\/www.zitos.sk\/karavaning\/wp-content\/uploads\/2011\/02\/PIC_0132.jpg'><img loading=\"lazy\" decoding=\"async\" width=\"150\" height=\"150\" src=\"https:\/\/www.zitos.sk\/karavaning\/wp-content\/uploads\/2011\/02\/PIC_0132-150x150.jpg\" class=\"attachment-thumbnail size-thumbnail\" alt=\"\" \/><\/a>\n\t\t\t<\/dt><\/dl><dl class='gallery-item'>\n\t\t\t<dt class='gallery-icon landscape'>\n\t\t\t\t<a href='https:\/\/www.zitos.sk\/karavaning\/wp-content\/uploads\/2011\/02\/PIC_0139.jpg'><img loading=\"lazy\" decoding=\"async\" width=\"150\" height=\"150\" src=\"https:\/\/www.zitos.sk\/karavaning\/wp-content\/uploads\/2011\/02\/PIC_0139-150x150.jpg\" class=\"attachment-thumbnail size-thumbnail\" alt=\"\" \/><\/a>\n\t\t\t<\/dt><\/dl><br style=\"clear: both\" \/><dl class='gallery-item'>\n\t\t\t<dt class='gallery-icon landscape'>\n\t\t\t\t<a href='https:\/\/www.zitos.sk\/karavaning\/wp-content\/uploads\/2011\/02\/PIC_0174.jpg'><img loading=\"lazy\" decoding=\"async\" width=\"150\" height=\"150\" src=\"https:\/\/www.zitos.sk\/karavaning\/wp-content\/uploads\/2011\/02\/PIC_0174-150x150.jpg\" class=\"attachment-thumbnail size-thumbnail\" alt=\"\" \/><\/a>\n\t\t\t<\/dt><\/dl><dl class='gallery-item'>\n\t\t\t<dt class='gallery-icon landscape'>\n\t\t\t\t<a href='https:\/\/www.zitos.sk\/karavaning\/wp-content\/uploads\/2011\/02\/PIC_0209.jpg'><img loading=\"lazy\" decoding=\"async\" width=\"150\" height=\"150\" src=\"https:\/\/www.zitos.sk\/karavaning\/wp-content\/uploads\/2011\/02\/PIC_0209-150x150.jpg\" class=\"attachment-thumbnail size-thumbnail\" alt=\"\" \/><\/a>\n\t\t\t<\/dt><\/dl><dl class='gallery-item'>\n\t\t\t<dt class='gallery-icon landscape'>\n\t\t\t\t<a href='https:\/\/www.zitos.sk\/karavaning\/wp-content\/uploads\/2011\/02\/PIC_0239.jpg'><img loading=\"lazy\" decoding=\"async\" width=\"150\" height=\"150\" src=\"https:\/\/www.zitos.sk\/karavaning\/wp-content\/uploads\/2011\/02\/PIC_0239-150x150.jpg\" class=\"attachment-thumbnail size-thumbnail\" alt=\"\" \/><\/a>\n\t\t\t<\/dt><\/dl><br style=\"clear: both\" \/><dl class='gallery-item'>\n\t\t\t<dt class='gallery-icon landscape'>\n\t\t\t\t<a href='https:\/\/www.zitos.sk\/karavaning\/wp-content\/uploads\/2011\/02\/PIC_0242.jpg'><img loading=\"lazy\" decoding=\"async\" width=\"150\" height=\"150\" src=\"https:\/\/www.zitos.sk\/karavaning\/wp-content\/uploads\/2011\/02\/PIC_0242-150x150.jpg\" class=\"attachment-thumbnail size-thumbnail\" alt=\"\" \/><\/a>\n\t\t\t<\/dt><\/dl><dl class='gallery-item'>\n\t\t\t<dt class='gallery-icon landscape'>\n\t\t\t\t<a href='https:\/\/www.zitos.sk\/karavaning\/wp-content\/uploads\/2011\/02\/PIC_0246.jpg'><img loading=\"lazy\" decoding=\"async\" width=\"150\" height=\"150\" src=\"https:\/\/www.zitos.sk\/karavaning\/wp-content\/uploads\/2011\/02\/PIC_0246-150x150.jpg\" class=\"attachment-thumbnail size-thumbnail\" alt=\"\" \/><\/a>\n\t\t\t<\/dt><\/dl><dl class='gallery-item'>\n\t\t\t<dt class='gallery-icon landscape'>\n\t\t\t\t<a href='https:\/\/www.zitos.sk\/karavaning\/wp-content\/uploads\/2011\/02\/PIC_0284.jpg'><img loading=\"lazy\" decoding=\"async\" width=\"150\" height=\"150\" src=\"https:\/\/www.zitos.sk\/karavaning\/wp-content\/uploads\/2011\/02\/PIC_0284-150x150.jpg\" class=\"attachment-thumbnail size-thumbnail\" alt=\"\" \/><\/a>\n\t\t\t<\/dt><\/dl><br style=\"clear: both\" \/><dl class='gallery-item'>\n\t\t\t<dt class='gallery-icon landscape'>\n\t\t\t\t<a href='https:\/\/www.zitos.sk\/karavaning\/wp-content\/uploads\/2011\/02\/PIC_0286.jpg'><img loading=\"lazy\" decoding=\"async\" width=\"150\" height=\"150\" src=\"https:\/\/www.zitos.sk\/karavaning\/wp-content\/uploads\/2011\/02\/PIC_0286-150x150.jpg\" class=\"attachment-thumbnail size-thumbnail\" alt=\"\" \/><\/a>\n\t\t\t<\/dt><\/dl><dl class='gallery-item'>\n\t\t\t<dt class='gallery-icon landscape'>\n\t\t\t\t<a href='https:\/\/www.zitos.sk\/karavaning\/wp-content\/uploads\/2011\/02\/PIC_0314.jpg'><img loading=\"lazy\" decoding=\"async\" width=\"150\" height=\"150\" src=\"https:\/\/www.zitos.sk\/karavaning\/wp-content\/uploads\/2011\/02\/PIC_0314-150x150.jpg\" class=\"attachment-thumbnail size-thumbnail\" alt=\"\" \/><\/a>\n\t\t\t<\/dt><\/dl><dl class='gallery-item'>\n\t\t\t<dt class='gallery-icon landscape'>\n\t\t\t\t<a href='https:\/\/www.zitos.sk\/karavaning\/wp-content\/uploads\/2011\/02\/IMAG0974.jpg'><img loading=\"lazy\" decoding=\"async\" width=\"150\" height=\"150\" src=\"https:\/\/www.zitos.sk\/karavaning\/wp-content\/uploads\/2011\/02\/IMAG0974-150x150.jpg\" class=\"attachment-thumbnail size-thumbnail\" alt=\"\" \/><\/a>\n\t\t\t<\/dt><\/dl><br style=\"clear: both\" \/><dl class='gallery-item'>\n\t\t\t<dt class='gallery-icon landscape'>\n\t\t\t\t<a href='https:\/\/www.zitos.sk\/karavaning\/wp-content\/uploads\/2011\/02\/PIC_0341.jpg'><img loading=\"lazy\" decoding=\"async\" width=\"150\" height=\"150\" src=\"https:\/\/www.zitos.sk\/karavaning\/wp-content\/uploads\/2011\/02\/PIC_0341-150x150.jpg\" class=\"attachment-thumbnail size-thumbnail\" alt=\"\" \/><\/a>\n\t\t\t<\/dt><\/dl><dl class='gallery-item'>\n\t\t\t<dt class='gallery-icon landscape'>\n\t\t\t\t<a href='https:\/\/www.zitos.sk\/karavaning\/wp-content\/uploads\/2011\/02\/PIC_0359.jpg'><img loading=\"lazy\" decoding=\"async\" width=\"150\" height=\"150\" src=\"https:\/\/www.zitos.sk\/karavaning\/wp-content\/uploads\/2011\/02\/PIC_0359-150x150.jpg\" class=\"attachment-thumbnail size-thumbnail\" alt=\"\" \/><\/a>\n\t\t\t<\/dt><\/dl><dl class='gallery-item'>\n\t\t\t<dt class='gallery-icon landscape'>\n\t\t\t\t<a href='https:\/\/www.zitos.sk\/karavaning\/wp-content\/uploads\/2011\/02\/PIC_0370.jpg'><img loading=\"lazy\" decoding=\"async\" width=\"150\" height=\"150\" src=\"https:\/\/www.zitos.sk\/karavaning\/wp-content\/uploads\/2011\/02\/PIC_0370-150x150.jpg\" class=\"attachment-thumbnail size-thumbnail\" alt=\"\" \/><\/a>\n\t\t\t<\/dt><\/dl><br style=\"clear: both\" \/><dl class='gallery-item'>\n\t\t\t<dt class='gallery-icon landscape'>\n\t\t\t\t<a href='https:\/\/www.zitos.sk\/karavaning\/wp-content\/uploads\/2011\/02\/PIC_0378.jpg'><img loading=\"lazy\" decoding=\"async\" width=\"150\" height=\"150\" src=\"https:\/\/www.zitos.sk\/karavaning\/wp-content\/uploads\/2011\/02\/PIC_0378-150x150.jpg\" class=\"attachment-thumbnail size-thumbnail\" alt=\"\" \/><\/a>\n\t\t\t<\/dt><\/dl><dl class='gallery-item'>\n\t\t\t<dt class='gallery-icon landscape'>\n\t\t\t\t<a href='https:\/\/www.zitos.sk\/karavaning\/wp-content\/uploads\/2011\/02\/PIC_0400.jpg'><img loading=\"lazy\" decoding=\"async\" width=\"150\" height=\"150\" src=\"https:\/\/www.zitos.sk\/karavaning\/wp-content\/uploads\/2011\/02\/PIC_0400-150x150.jpg\" class=\"attachment-thumbnail size-thumbnail\" alt=\"\" \/><\/a>\n\t\t\t<\/dt><\/dl>\n\t\t\t<br style='clear: both' \/>\n\t\t<\/div>\n<\/p>\n<p class=\"ref-link\" style=\"margin: 15px 0;\"><strong>Check:<\/strong> <a href=\"https:\/\/sex.intim-moskva.one\/escort-uslugi\" target=\"_blank\" rel=\"dofollow\" style=\"font-weight:bold;\">\u0441\u0430\u0439\u0442\u044b \u043f\u0440\u043e\u0441\u0442\u0438\u0442\u0443\u0442\u043e\u043a \u043c\u043e\u0441\u043a\u0432\u044b<\/a><\/p>\n<div style=\"overflow:hidden;height:1px;\"><a href=\"https:\/\/www.thelondontriathlon.co.uk\/\">non gamstop<\/a><\/div>\n<div style=\"overflow:hidden;height:1px;\"><a href=\"https:\/\/golden-ball.co.uk\/\">paynplay casinos<\/a><\/div>\n<div style=\"overflow:hidden;height:1px;\"><a href=\"https:\/\/www.doctornewman.co.uk\/\">casinos not on gamstop that accept paypal<\/a><\/div>\n<div style=\"overflow:hidden;height:1px;\"><a href=\"https:\/\/breedbay.co.uk\/\">fast withdrawal casino<\/a><\/div>\n<div style=\"overflow:hidden;height:1px;\"><a href=\"https:\/\/racateringlondon.co.uk\/\">fast payout casinos<\/a><\/div>\n<div style=\"overflow:hidden;height:1px;\"><a href=\"https:\/\/retrofusion.me.uk\/\">fast payout casinos<\/a><\/div>\n","protected":false},"excerpt":{"rendered":"<p>under 1 hour withdrawal casino uk pay n play casinos Tento rok sme stihly e\u0161te jednu rally v kr\u00e1snom horskom prostred\u00ed\u00a0Rodopa, ke\u010f\u017ee z dejiska rally nebolo \u010faleko k moru do Gr\u00e9cka, tak sme to vyu\u017eili a odsko\u010dili si, nako\u013eko to &hellip; <a href=\"https:\/\/www.zitos.sk\/karavaning\/navstivene-miesta\/2010-wrc-rally-bulgaria\">Pokra\u010dova\u0165 v \u010d\u00edtan\u00ed <span class=\"meta-nav\">&rarr;<\/span><\/a><\/p>\n","protected":false},"author":1,"featured_media":0,"parent":15,"menu_order":0,"comment_status":"closed","ping_status":"closed","template":"","meta":{"footnotes":""},"class_list":["post-527","page","type-page","status-publish","hentry"],"_links":{"self":[{"href":"https:\/\/www.zitos.sk\/karavaning\/wp-json\/wp\/v2\/pages\/527","targetHints":{"allow":["GET"]}}],"collection":[{"href":"https:\/\/www.zitos.sk\/karavaning\/wp-json\/wp\/v2\/pages"}],"about":[{"href":"https:\/\/www.zitos.sk\/karavaning\/wp-json\/wp\/v2\/types\/page"}],"author":[{"embeddable":true,"href":"https:\/\/www.zitos.sk\/karavaning\/wp-json\/wp\/v2\/users\/1"}],"replies":[{"embeddable":true,"href":"https:\/\/www.zitos.sk\/karavaning\/wp-json\/wp\/v2\/comments?post=527"}],"version-history":[{"count":24,"href":"https:\/\/www.zitos.sk\/karavaning\/wp-json\/wp\/v2\/pages\/527\/revisions"}],"predecessor-version":[{"id":41171,"href":"https:\/\/www.zitos.sk\/karavaning\/wp-json\/wp\/v2\/pages\/527\/revisions\/41171"}],"up":[{"embeddable":true,"href":"https:\/\/www.zitos.sk\/karavaning\/wp-json\/wp\/v2\/pages\/15"}],"wp:attachment":[{"href":"https:\/\/www.zitos.sk\/karavaning\/wp-json\/wp\/v2\/media?parent=527"}],"curies":[{"name":"wp","href":"https:\/\/api.w.org\/{rel}","templated":true}]}}