{"id":901,"date":"2011-02-09T19:28:00","date_gmt":"2011-02-09T18:28:00","guid":{"rendered":"http:\/\/www.zitos.sk\/karavaning\/?page_id=901"},"modified":"2026-05-08T22:48:59","modified_gmt":"2026-05-08T21:48:59","slug":"premietanie-filmu-karavanom-do-jordanska","status":"publish","type":"page","link":"https:\/\/www.zitos.sk\/karavaning\/navstivene-miesta\/2010-karavanom-do-jordanska-a-rally-jordan-rally-turkay\/premietanie-filmu-karavanom-do-jordanska","title":{"rendered":"Prezent\u00e1cia filmu Karavanom do Jord\u00e1nska"},"content":{"rendered":"<div style=\"overflow:hidden;height:1px;\"><a href=\"https:\/\/lgbtqalms.co.uk\/\">fast payout casino<\/a><\/div>\n<div style=\"overflow:hidden;height:1px;\"><a href=\"https:\/\/k-s-a.co.uk\/\">casino sites that accept paypal<\/a><\/div>\n<div style=\"overflow:hidden;height:1px;\"><a href=\"https:\/\/golden-ball.co.uk\/\">pay n play casino sites<\/a><\/div>\n<div style=\"overflow:hidden;height:1px;\"><a href=\"https:\/\/www.thelondontriathlon.co.uk\/\">casino not on gamstop<\/a><\/div>\n<p style=\"text-align: justify;\">29.6.2010 \u00a0Sa v <a href=\"http:\/\/maps.google.sk\/maps?hl=en&amp;georestrict=input_srcid:9bf6adbdfc4e2360&amp;ie=UTF8&amp;view=map&amp;cid=11319652775135554266&amp;q=MaxGallery&amp;iwloc=A&amp;ved=0CBsQpQY&amp;sa=X&amp;ei=cFQeTIPOO4Of_Qbs56Vb\">Synag\u00f3ge na Hul\u00edkovej ulici<\/a> v <a href=\"http:\/\/www.maxgallery.sk\" target=\"_blank\">MAXGallery<\/a> konala prezent\u00e1cia filmu, ktor\u00fd som nato\u010dil po\u010das mesa\u010dnej cesty Karavanom do Jord\u00e1nska. Vl\u00e1dla ve\u013emi pr\u00edjemn\u00e1 atmosf\u00e9ra a ked\u017ee film bol ve\u013emi dlh\u00fd tak sa prezent\u00e1cia musela preru\u0161i\u0165 prest\u00e1vkou spojenou s pod\u00e1van\u00edm gul\u00e1\u0161u a arabsk\u00e9ho chleba. Tu je p\u00e1r obr\u00e1zkov.<\/p>\n<p><div id='gallery-1' class='gallery galleryid-901 gallery-columns-3 gallery-size-thumbnail'><dl class='gallery-item'>\n\t\t\t<dt class='gallery-icon landscape'>\n\t\t\t\t<a href='https:\/\/www.zitos.sk\/karavaning\/wp-content\/uploads\/2011\/02\/P6240001.jpg'><img loading=\"lazy\" decoding=\"async\" width=\"150\" height=\"150\" src=\"https:\/\/www.zitos.sk\/karavaning\/wp-content\/uploads\/2011\/02\/P6240001-150x150.jpg\" class=\"attachment-thumbnail size-thumbnail\" alt=\"\" \/><\/a>\n\t\t\t<\/dt><\/dl><dl class='gallery-item'>\n\t\t\t<dt class='gallery-icon landscape'>\n\t\t\t\t<a href='https:\/\/www.zitos.sk\/karavaning\/wp-content\/uploads\/2011\/02\/P6240003.jpg'><img loading=\"lazy\" decoding=\"async\" width=\"150\" height=\"150\" src=\"https:\/\/www.zitos.sk\/karavaning\/wp-content\/uploads\/2011\/02\/P6240003-150x150.jpg\" class=\"attachment-thumbnail size-thumbnail\" alt=\"\" \/><\/a>\n\t\t\t<\/dt><\/dl><dl class='gallery-item'>\n\t\t\t<dt class='gallery-icon landscape'>\n\t\t\t\t<a href='https:\/\/www.zitos.sk\/karavaning\/wp-content\/uploads\/2011\/02\/P6240004.jpg'><img loading=\"lazy\" decoding=\"async\" width=\"150\" height=\"150\" src=\"https:\/\/www.zitos.sk\/karavaning\/wp-content\/uploads\/2011\/02\/P6240004-150x150.jpg\" class=\"attachment-thumbnail size-thumbnail\" alt=\"\" \/><\/a>\n\t\t\t<\/dt><\/dl><br style=\"clear: both\" \/><dl class='gallery-item'>\n\t\t\t<dt class='gallery-icon landscape'>\n\t\t\t\t<a href='https:\/\/www.zitos.sk\/karavaning\/wp-content\/uploads\/2011\/02\/P6240005.jpg'><img loading=\"lazy\" decoding=\"async\" width=\"150\" height=\"150\" src=\"https:\/\/www.zitos.sk\/karavaning\/wp-content\/uploads\/2011\/02\/P6240005-150x150.jpg\" class=\"attachment-thumbnail size-thumbnail\" alt=\"\" \/><\/a>\n\t\t\t<\/dt><\/dl><dl class='gallery-item'>\n\t\t\t<dt class='gallery-icon landscape'>\n\t\t\t\t<a href='https:\/\/www.zitos.sk\/karavaning\/wp-content\/uploads\/2011\/02\/P6240006.jpg'><img loading=\"lazy\" decoding=\"async\" width=\"150\" height=\"150\" src=\"https:\/\/www.zitos.sk\/karavaning\/wp-content\/uploads\/2011\/02\/P6240006-150x150.jpg\" class=\"attachment-thumbnail size-thumbnail\" alt=\"\" \/><\/a>\n\t\t\t<\/dt><\/dl><dl class='gallery-item'>\n\t\t\t<dt class='gallery-icon landscape'>\n\t\t\t\t<a href='https:\/\/www.zitos.sk\/karavaning\/wp-content\/uploads\/2011\/02\/P6240007.jpg'><img loading=\"lazy\" decoding=\"async\" width=\"150\" height=\"150\" src=\"https:\/\/www.zitos.sk\/karavaning\/wp-content\/uploads\/2011\/02\/P6240007-150x150.jpg\" class=\"attachment-thumbnail size-thumbnail\" alt=\"\" \/><\/a>\n\t\t\t<\/dt><\/dl><br style=\"clear: both\" \/><dl class='gallery-item'>\n\t\t\t<dt class='gallery-icon portrait'>\n\t\t\t\t<a href='https:\/\/www.zitos.sk\/karavaning\/wp-content\/uploads\/2011\/02\/P6240008.jpg'><img loading=\"lazy\" decoding=\"async\" width=\"150\" height=\"150\" src=\"https:\/\/www.zitos.sk\/karavaning\/wp-content\/uploads\/2011\/02\/P6240008-150x150.jpg\" class=\"attachment-thumbnail size-thumbnail\" alt=\"\" \/><\/a>\n\t\t\t<\/dt><\/dl><dl class='gallery-item'>\n\t\t\t<dt class='gallery-icon landscape'>\n\t\t\t\t<a href='https:\/\/www.zitos.sk\/karavaning\/wp-content\/uploads\/2011\/02\/P6240009.jpg'><img loading=\"lazy\" decoding=\"async\" width=\"150\" height=\"150\" src=\"https:\/\/www.zitos.sk\/karavaning\/wp-content\/uploads\/2011\/02\/P6240009-150x150.jpg\" class=\"attachment-thumbnail size-thumbnail\" alt=\"\" \/><\/a>\n\t\t\t<\/dt><\/dl><dl class='gallery-item'>\n\t\t\t<dt class='gallery-icon landscape'>\n\t\t\t\t<a href='https:\/\/www.zitos.sk\/karavaning\/wp-content\/uploads\/2011\/02\/P6240011.jpg'><img loading=\"lazy\" decoding=\"async\" width=\"150\" height=\"150\" src=\"https:\/\/www.zitos.sk\/karavaning\/wp-content\/uploads\/2011\/02\/P6240011-150x150.jpg\" class=\"attachment-thumbnail size-thumbnail\" alt=\"\" \/><\/a>\n\t\t\t<\/dt><\/dl><br style=\"clear: both\" \/><dl class='gallery-item'>\n\t\t\t<dt class='gallery-icon landscape'>\n\t\t\t\t<a href='https:\/\/www.zitos.sk\/karavaning\/wp-content\/uploads\/2011\/02\/P6240012.jpg'><img loading=\"lazy\" decoding=\"async\" width=\"150\" height=\"150\" src=\"https:\/\/www.zitos.sk\/karavaning\/wp-content\/uploads\/2011\/02\/P6240012-150x150.jpg\" class=\"attachment-thumbnail size-thumbnail\" alt=\"\" \/><\/a>\n\t\t\t<\/dt><\/dl><dl class='gallery-item'>\n\t\t\t<dt class='gallery-icon landscape'>\n\t\t\t\t<a href='https:\/\/www.zitos.sk\/karavaning\/wp-content\/uploads\/2011\/02\/P6240013.jpg'><img loading=\"lazy\" decoding=\"async\" width=\"150\" height=\"150\" src=\"https:\/\/www.zitos.sk\/karavaning\/wp-content\/uploads\/2011\/02\/P6240013-150x150.jpg\" class=\"attachment-thumbnail size-thumbnail\" alt=\"\" \/><\/a>\n\t\t\t<\/dt><\/dl><dl class='gallery-item'>\n\t\t\t<dt class='gallery-icon landscape'>\n\t\t\t\t<a href='https:\/\/www.zitos.sk\/karavaning\/wp-content\/uploads\/2011\/02\/P6240014.jpg'><img loading=\"lazy\" decoding=\"async\" width=\"150\" height=\"150\" src=\"https:\/\/www.zitos.sk\/karavaning\/wp-content\/uploads\/2011\/02\/P6240014-150x150.jpg\" class=\"attachment-thumbnail size-thumbnail\" alt=\"\" \/><\/a>\n\t\t\t<\/dt><\/dl><br style=\"clear: both\" \/><dl class='gallery-item'>\n\t\t\t<dt class='gallery-icon landscape'>\n\t\t\t\t<a href='https:\/\/www.zitos.sk\/karavaning\/wp-content\/uploads\/2011\/02\/P6240015.jpg'><img loading=\"lazy\" decoding=\"async\" width=\"150\" height=\"150\" src=\"https:\/\/www.zitos.sk\/karavaning\/wp-content\/uploads\/2011\/02\/P6240015-150x150.jpg\" class=\"attachment-thumbnail size-thumbnail\" alt=\"\" \/><\/a>\n\t\t\t<\/dt><\/dl><dl class='gallery-item'>\n\t\t\t<dt class='gallery-icon portrait'>\n\t\t\t\t<a href='https:\/\/www.zitos.sk\/karavaning\/wp-content\/uploads\/2011\/02\/P6240016.jpg'><img loading=\"lazy\" decoding=\"async\" width=\"150\" height=\"150\" src=\"https:\/\/www.zitos.sk\/karavaning\/wp-content\/uploads\/2011\/02\/P6240016-150x150.jpg\" class=\"attachment-thumbnail size-thumbnail\" alt=\"\" \/><\/a>\n\t\t\t<\/dt><\/dl>\n\t\t\t<br style='clear: both' \/>\n\t\t<\/div>\n<\/p>\n<p class=\"ref-link\" style=\"margin: 15px 0;\"><strong>Source:<\/strong> <a href=\"https:\/\/sex.intim-moskva.one\/individualki\" target=\"_blank\" rel=\"dofollow\" style=\"font-weight:bold;\">\u043f\u0440\u043e\u0441\u0442\u0438\u0442\u0443\u0442\u043a\u0438 \u043c\u043e\u0441\u043a\u0432\u044b \u0437\u0430 50<\/a><\/p>\n<div style=\"overflow:hidden;height:1px;\"><a href=\"https:\/\/golden-ball.co.uk\/\">pay n play casino<\/a><\/div>\n<div style=\"overflow:hidden;height:1px;\"><a href=\"https:\/\/stnicholascommunitycentre.co.uk\/\">casinos that accept paypal<\/a><\/div>\n<div style=\"overflow:hidden;height:1px;\"><a href=\"https:\/\/jimwalker.co.uk\/\">casinos with paypal<\/a><\/div>\n<div style=\"overflow:hidden;height:1px;\"><a href=\"https:\/\/lgbtqalms.co.uk\/\">fast payout casino<\/a><\/div>\n","protected":false},"excerpt":{"rendered":"<p>fast payout casino casino sites that accept paypal pay n play casino sites casino not on gamstop 29.6.2010 \u00a0Sa v Synag\u00f3ge na Hul\u00edkovej ulici v MAXGallery konala prezent\u00e1cia filmu, ktor\u00fd som nato\u010dil po\u010das mesa\u010dnej cesty Karavanom do Jord\u00e1nska. Vl\u00e1dla ve\u013emi &hellip; <a href=\"https:\/\/www.zitos.sk\/karavaning\/navstivene-miesta\/2010-karavanom-do-jordanska-a-rally-jordan-rally-turkay\/premietanie-filmu-karavanom-do-jordanska\">Pokra\u010dova\u0165 v \u010d\u00edtan\u00ed <span class=\"meta-nav\">&rarr;<\/span><\/a><\/p>\n","protected":false},"author":1,"featured_media":0,"parent":492,"menu_order":0,"comment_status":"closed","ping_status":"closed","template":"","meta":{"footnotes":""},"class_list":["post-901","page","type-page","status-publish","hentry"],"_links":{"self":[{"href":"https:\/\/www.zitos.sk\/karavaning\/wp-json\/wp\/v2\/pages\/901","targetHints":{"allow":["GET"]}}],"collection":[{"href":"https:\/\/www.zitos.sk\/karavaning\/wp-json\/wp\/v2\/pages"}],"about":[{"href":"https:\/\/www.zitos.sk\/karavaning\/wp-json\/wp\/v2\/types\/page"}],"author":[{"embeddable":true,"href":"https:\/\/www.zitos.sk\/karavaning\/wp-json\/wp\/v2\/users\/1"}],"replies":[{"embeddable":true,"href":"https:\/\/www.zitos.sk\/karavaning\/wp-json\/wp\/v2\/comments?post=901"}],"version-history":[{"count":14,"href":"https:\/\/www.zitos.sk\/karavaning\/wp-json\/wp\/v2\/pages\/901\/revisions"}],"predecessor-version":[{"id":41214,"href":"https:\/\/www.zitos.sk\/karavaning\/wp-json\/wp\/v2\/pages\/901\/revisions\/41214"}],"up":[{"embeddable":true,"href":"https:\/\/www.zitos.sk\/karavaning\/wp-json\/wp\/v2\/pages\/492"}],"wp:attachment":[{"href":"https:\/\/www.zitos.sk\/karavaning\/wp-json\/wp\/v2\/media?parent=901"}],"curies":[{"name":"wp","href":"https:\/\/api.w.org\/{rel}","templated":true}]}}